{"id":1344,"date":"2023-10-27T06:44:02","date_gmt":"2023-10-27T06:44:02","guid":{"rendered":"https:\/\/ruya.com.tr\/?page_id=1344"},"modified":"2025-06-02T23:00:08","modified_gmt":"2025-06-02T20:00:08","slug":"iletisim","status":"publish","type":"page","link":"https:\/\/ruya.com.tr\/en\/iletisim\/","title":{"rendered":"Contact"},"content":{"rendered":"<div data-elementor-type=\"wp-page\" data-elementor-id=\"1344\" class=\"elementor elementor-1344\">\n\t\t\t\t<div class=\"elementor-element elementor-element-37686cd2 e-flex e-con-boxed e-con e-parent\" data-id=\"37686cd2\" data-element_type=\"container\" id=\"top\" data-settings=\"{&quot;background_background&quot;:&quot;slideshow&quot;,&quot;background_slideshow_gallery&quot;:[{&quot;id&quot;:260,&quot;url&quot;:&quot;https:\\\/\\\/ruya.com.tr\\\/wp-content\\\/uploads\\\/2023\\\/10\\\/ruya_pike_dokuma.jpg&quot;},{&quot;id&quot;:267,&quot;url&quot;:&quot;https:\\\/\\\/ruya.com.tr\\\/wp-content\\\/uploads\\\/2023\\\/10\\\/ruya_pike_konfeksiyon.jpg&quot;},{&quot;id&quot;:270,&quot;url&quot;:&quot;https:\\\/\\\/ruya.com.tr\\\/wp-content\\\/uploads\\\/2023\\\/10\\\/ruya_pike_pike_takimi.jpg&quot;},{&quot;id&quot;:272,&quot;url&quot;:&quot;https:\\\/\\\/ruya.com.tr\\\/wp-content\\\/uploads\\\/2023\\\/10\\\/ruya_pike_yatak_ortusu.jpg&quot;},{&quot;id&quot;:269,&quot;url&quot;:&quot;https:\\\/\\\/ruya.com.tr\\\/wp-content\\\/uploads\\\/2023\\\/10\\\/ruya_pike_nevresim_takimi.jpg&quot;},{&quot;id&quot;:266,&quot;url&quot;:&quot;https:\\\/\\\/ruya.com.tr\\\/wp-content\\\/uploads\\\/2023\\\/10\\\/ruya_pike_kirlent.jpg&quot;}],&quot;background_slideshow_slide_duration&quot;:6000,&quot;background_slideshow_transition_duration&quot;:4000,&quot;background_slideshow_ken_burns&quot;:&quot;yes&quot;,&quot;background_slideshow_ken_burns_zoom_direction&quot;:&quot;out&quot;,&quot;background_slideshow_loop&quot;:&quot;yes&quot;,&quot;background_slideshow_slide_transition&quot;:&quot;fade&quot;}\">\n\t\t\t\t\t<div class=\"e-con-inner\">\n\t\t<div class=\"elementor-element elementor-element-34cbe11 e-con-full e-flex e-con e-child\" data-id=\"34cbe11\" data-element_type=\"container\">\n\t\t\t\t<div class=\"elementor-element elementor-element-2c95d09 elementor-widget elementor-widget-image\" data-id=\"2c95d09\" data-element_type=\"widget\" data-widget_type=\"image.default\">\n\t\t\t\t<div class=\"elementor-widget-container\">\n\t\t\t\t\t\t\t\t\t\t\t\t\t\t\t\t<a href=\"http:\/\/ruya.com.tr\/en\/\">\n\t\t\t\t\t\t\t<img fetchpriority=\"high\" decoding=\"async\" width=\"512\" height=\"740\" src=\"https:\/\/ruya.com.tr\/wp-content\/uploads\/2023\/10\/ruya-main-logo.png\" class=\"attachment-full size-full wp-image-60\" alt=\"\" srcset=\"https:\/\/ruya.com.tr\/wp-content\/uploads\/2023\/10\/ruya-main-logo.png.webp 512w, https:\/\/ruya.com.tr\/wp-content\/uploads\/2023\/10\/ruya-main-logo-208x300.png.webp 208w\" sizes=\"(max-width: 512px) 100vw, 512px\" \/>\t\t\t\t\t\t\t\t<\/a>\n\t\t\t\t\t\t\t\t\t\t\t\t\t\t\t<\/div>\n\t\t\t\t<\/div>\n\t\t\t\t<div class=\"elementor-element elementor-element-abe979 elementor-widget elementor-widget-spacer\" data-id=\"abe979\" data-element_type=\"widget\" data-widget_type=\"spacer.default\">\n\t\t\t\t<div class=\"elementor-widget-container\">\n\t\t\t\t\t\t\t<div class=\"elementor-spacer\">\n\t\t\t<div class=\"elementor-spacer-inner\"><\/div>\n\t\t<\/div>\n\t\t\t\t\t\t<\/div>\n\t\t\t\t<\/div>\n\t\t\t\t<div class=\"elementor-element elementor-element-7c8ddaea elementor-widget elementor-widget-heading\" data-id=\"7c8ddaea\" data-element_type=\"widget\" data-widget_type=\"heading.default\">\n\t\t\t\t<div class=\"elementor-widget-container\">\n\t\t\t\t\t<h1 class=\"elementor-heading-title elementor-size-large\">Contact Us<\/h1>\t\t\t\t<\/div>\n\t\t\t\t<\/div>\n\t\t\t\t<div class=\"elementor-element elementor-element-320a0baa elementor-widget elementor-widget-spacer\" data-id=\"320a0baa\" data-element_type=\"widget\" data-widget_type=\"spacer.default\">\n\t\t\t\t<div class=\"elementor-widget-container\">\n\t\t\t\t\t\t\t<div class=\"elementor-spacer\">\n\t\t\t<div class=\"elementor-spacer-inner\"><\/div>\n\t\t<\/div>\n\t\t\t\t\t\t<\/div>\n\t\t\t\t<\/div>\n\t\t\t\t<div class=\"elementor-element elementor-element-2a3c02b3 elementor-widget elementor-widget-heading\" data-id=\"2a3c02b3\" data-element_type=\"widget\" data-widget_type=\"heading.default\">\n\t\t\t\t<div class=\"elementor-widget-container\">\n\t\t\t\t\t<p class=\"elementor-heading-title elementor-size-large\">You can send us a direct email via the form, or you can call us by clicking the button below. We are ready to help you to add value to your business and improve your brand.<\/p>\t\t\t\t<\/div>\n\t\t\t\t<\/div>\n\t\t\t\t<\/div>\n\t\t\t\t\t<\/div>\n\t\t\t\t<\/div>\n\t\t<div class=\"elementor-element elementor-element-bcb518a e-flex e-con-boxed e-con e-parent\" data-id=\"bcb518a\" data-element_type=\"container\">\n\t\t\t\t\t<div class=\"e-con-inner\">\n\t\t\t\t<div class=\"elementor-element elementor-element-7a8a0ed elementor-widget elementor-widget-shortcode\" data-id=\"7a8a0ed\" data-element_type=\"widget\" data-widget_type=\"shortcode.default\">\n\t\t\t\t<div class=\"elementor-widget-container\">\n\t\t\t\t\t\t\t<div class=\"elementor-shortcode\"><iframe width=\"1200\" height=\"750\" src=\"https:\/\/f03ff9cc.sibforms.com\/serve\/MUIFAN24i2vsSrffkoUwy93gLvTHPWBRDtbfZigav-sdGhUwuywEiHuW5yIy7_sy7SleWchGfclSjKS3U8MR5AA70JCccfp-DQ1FV4P3kSMHL4r1bIRE3RWBwi_SCwunhXOesUXbXk1E_I1gLKMAg5fejuBf0zn5GM44S1GrSRhbJbCJGDPrLQHe2fHkqPOku_rRO2vYuauZBSPA\" frameborder=\"0\" scrolling=\"auto\" allowfullscreen style=\"display: block;margin-left: auto;margin-right: auto;max-width: 100%;\"><\/iframe><\/div>\n\t\t\t\t\t\t<\/div>\n\t\t\t\t<\/div>\n\t\t\t\t\t<\/div>\n\t\t\t\t<\/div>\n\t\t<div class=\"elementor-element elementor-element-6036df2f e-flex e-con-boxed e-con e-parent\" data-id=\"6036df2f\" data-element_type=\"container\" data-settings=\"{&quot;background_background&quot;:&quot;classic&quot;}\">\n\t\t\t\t\t<div class=\"e-con-inner\">\n\t\t<div class=\"elementor-element elementor-element-4e363c55 e-con-full e-flex e-con e-child\" data-id=\"4e363c55\" data-element_type=\"container\">\n\t\t\t\t<div class=\"elementor-element elementor-element-70cade46 elementor-widget elementor-widget-heading\" data-id=\"70cade46\" data-element_type=\"widget\" data-widget_type=\"heading.default\">\n\t\t\t\t<div class=\"elementor-widget-container\">\n\t\t\t\t\t<h3 class=\"elementor-heading-title elementor-size-large\">CONTACT US NOW!<\/h3>\t\t\t\t<\/div>\n\t\t\t\t<\/div>\n\t\t\t\t<div class=\"elementor-element elementor-element-27764520 elementor-widget elementor-widget-text-editor\" data-id=\"27764520\" data-element_type=\"widget\" data-widget_type=\"text-editor.default\">\n\t\t\t\t<div class=\"elementor-widget-container\">\n\t\t\t\t\t\t\t\t\t<p>You can contact us to get information about our productions. We are ready to help you with your projects to develop your brand.<\/p>\t\t\t\t\t\t\t\t<\/div>\n\t\t\t\t<\/div>\n\t\t\t\t<\/div>\n\t\t<div class=\"elementor-element elementor-element-14577f52 e-con-full e-flex e-con e-child\" data-id=\"14577f52\" data-element_type=\"container\">\n\t\t\t\t<div class=\"elementor-element elementor-element-523fbe e-transform e-transform e-transform elementor-widget elementor-widget-button\" data-id=\"523fbe\" data-element_type=\"widget\" data-settings=\"{&quot;_transform_rotateZ_effect&quot;:{&quot;unit&quot;:&quot;px&quot;,&quot;size&quot;:0,&quot;sizes&quot;:[]},&quot;_transform_translateX_effect&quot;:{&quot;unit&quot;:&quot;px&quot;,&quot;size&quot;:0,&quot;sizes&quot;:[]},&quot;_transform_skewX_effect&quot;:{&quot;unit&quot;:&quot;px&quot;,&quot;size&quot;:0,&quot;sizes&quot;:[]},&quot;_transform_rotateZ_effect_tablet&quot;:{&quot;unit&quot;:&quot;deg&quot;,&quot;size&quot;:&quot;&quot;,&quot;sizes&quot;:[]},&quot;_transform_rotateZ_effect_mobile&quot;:{&quot;unit&quot;:&quot;deg&quot;,&quot;size&quot;:&quot;&quot;,&quot;sizes&quot;:[]},&quot;_transform_translateX_effect_tablet&quot;:{&quot;unit&quot;:&quot;px&quot;,&quot;size&quot;:&quot;&quot;,&quot;sizes&quot;:[]},&quot;_transform_translateX_effect_mobile&quot;:{&quot;unit&quot;:&quot;px&quot;,&quot;size&quot;:&quot;&quot;,&quot;sizes&quot;:[]},&quot;_transform_translateY_effect&quot;:{&quot;unit&quot;:&quot;px&quot;,&quot;size&quot;:&quot;&quot;,&quot;sizes&quot;:[]},&quot;_transform_translateY_effect_tablet&quot;:{&quot;unit&quot;:&quot;px&quot;,&quot;size&quot;:&quot;&quot;,&quot;sizes&quot;:[]},&quot;_transform_translateY_effect_mobile&quot;:{&quot;unit&quot;:&quot;px&quot;,&quot;size&quot;:&quot;&quot;,&quot;sizes&quot;:[]},&quot;_transform_skewX_effect_tablet&quot;:{&quot;unit&quot;:&quot;deg&quot;,&quot;size&quot;:&quot;&quot;,&quot;sizes&quot;:[]},&quot;_transform_skewX_effect_mobile&quot;:{&quot;unit&quot;:&quot;deg&quot;,&quot;size&quot;:&quot;&quot;,&quot;sizes&quot;:[]},&quot;_transform_skewY_effect&quot;:{&quot;unit&quot;:&quot;px&quot;,&quot;size&quot;:&quot;&quot;,&quot;sizes&quot;:[]},&quot;_transform_skewY_effect_tablet&quot;:{&quot;unit&quot;:&quot;deg&quot;,&quot;size&quot;:&quot;&quot;,&quot;sizes&quot;:[]},&quot;_transform_skewY_effect_mobile&quot;:{&quot;unit&quot;:&quot;deg&quot;,&quot;size&quot;:&quot;&quot;,&quot;sizes&quot;:[]}}\" data-widget_type=\"button.default\">\n\t\t\t\t<div class=\"elementor-widget-container\">\n\t\t\t\t\t\t\t\t\t<div class=\"elementor-button-wrapper\">\n\t\t\t\t\t<a class=\"elementor-button elementor-button-link elementor-size-xl elementor-animation-grow\" href=\"tel:+902242610101\">\n\t\t\t\t\t\t<span class=\"elementor-button-content-wrapper\">\n\t\t\t\t\t\t<span class=\"elementor-button-icon\">\n\t\t\t\t<svg aria-hidden=\"true\" class=\"e-font-icon-svg e-fas-phone\" viewbox=\"0 0 512 512\" xmlns=\"http:\/\/www.w3.org\/2000\/svg\"><path d=\"M493.4 24.6l-104-24c-11.3-2.6-22.9 3.3-27.5 13.9l-48 112c-4.2 9.8-1.4 21.3 6.9 28l60.6 49.6c-36 76.7-98.9 140.5-177.2 177.2l-49.6-60.6c-6.8-8.3-18.2-11.1-28-6.9l-112 48C3.9 366.5-2 378.1.6 389.4l24 104C27.1 504.2 36.7 512 48 512c256.1 0 464-207.5 464-464 0-11.2-7.7-20.9-18.6-23.4z\"><\/path><\/svg>\t\t\t<\/span>\n\t\t\t\t\t\t\t\t\t<span class=\"elementor-button-text\">Click for Phone<\/span>\n\t\t\t\t\t<\/span>\n\t\t\t\t\t<\/a>\n\t\t\t\t<\/div>\n\t\t\t\t\t\t\t\t<\/div>\n\t\t\t\t<\/div>\n\t\t\t\t<\/div>\n\t\t\t\t\t<\/div>\n\t\t\t\t<\/div>\n\t\t<div class=\"elementor-element elementor-element-46f018f5 e-flex e-con-boxed e-con e-parent\" data-id=\"46f018f5\" data-element_type=\"container\" data-settings=\"{&quot;background_background&quot;:&quot;classic&quot;}\">\n\t\t\t\t\t<div class=\"e-con-inner\">\n\t\t<div class=\"elementor-element elementor-element-7228891a e-con-full e-flex e-con e-child\" data-id=\"7228891a\" data-element_type=\"container\">\n\t\t\t\t<div class=\"elementor-element elementor-element-38277f12 elementor-widget elementor-widget-google_maps\" data-id=\"38277f12\" data-element_type=\"widget\" data-widget_type=\"google_maps.default\">\n\t\t\t\t<div class=\"elementor-widget-container\">\n\t\t\t\t\t\t\t<div class=\"elementor-custom-embed\">\n\t\t\t<iframe loading=\"lazy\"\n\t\t\t\t\tsrc=\"https:\/\/maps.google.com\/maps?q=R%C3%BCya%20Pike%20Nilufer%20Organize%20Sanayi%20Bolgesi%20Ihlamur%20Caddesi%20No%2015&#038;t=m&#038;z=18&#038;output=embed&#038;iwloc=near\"\n\t\t\t\t\ttitle=\"R\u00fcya Pike Nilufer Organize Sanayi Bolgesi Ihlamur Caddesi No 15\"\n\t\t\t\t\taria-label=\"R\u00fcya Pike Nilufer Organize Sanayi Bolgesi Ihlamur Caddesi No 15\"\n\t\t\t><\/iframe>\n\t\t<\/div>\n\t\t\t\t\t\t<\/div>\n\t\t\t\t<\/div>\n\t\t\t\t<\/div>\n\t\t<div class=\"elementor-element elementor-element-482d512d e-con-full e-flex e-con e-child\" data-id=\"482d512d\" data-element_type=\"container\">\n\t\t<div class=\"elementor-element elementor-element-320bcbfa e-con-full e-flex e-con e-child\" data-id=\"320bcbfa\" data-element_type=\"container\">\n\t\t<div class=\"elementor-element elementor-element-1d673ecc e-con-full e-flex e-con e-child\" data-id=\"1d673ecc\" data-element_type=\"container\">\n\t\t\t\t<div class=\"elementor-element elementor-element-595c9da6 elementor-widget elementor-widget-heading\" data-id=\"595c9da6\" data-element_type=\"widget\" data-widget_type=\"heading.default\">\n\t\t\t\t<div class=\"elementor-widget-container\">\n\t\t\t\t\t<h3 class=\"elementor-heading-title elementor-size-large\">R\u00dcYA P\u0130KE EV TEKST\u0130L\u0130 SAN. T\u0130C. LTD. \u015eT\u0130.<\/h3>\t\t\t\t<\/div>\n\t\t\t\t<\/div>\n\t\t\t\t<\/div>\n\t\t\t\t<\/div>\n\t\t<div class=\"elementor-element elementor-element-1f41f642 e-con-full e-flex e-con e-child\" data-id=\"1f41f642\" data-element_type=\"container\">\n\t\t<div class=\"elementor-element elementor-element-7a2241bb e-con-full e-flex e-con e-child\" data-id=\"7a2241bb\" data-element_type=\"container\">\n\t\t\t\t<div class=\"elementor-element elementor-element-a8787b7 elementor-widget elementor-widget-heading\" data-id=\"a8787b7\" data-element_type=\"widget\" data-widget_type=\"heading.default\">\n\t\t\t\t<div class=\"elementor-widget-container\">\n\t\t\t\t\t<h4 class=\"elementor-heading-title elementor-size-default\">FACTORY ADDRESS:<\/h4>\t\t\t\t<\/div>\n\t\t\t\t<\/div>\n\t\t\t\t<div class=\"elementor-element elementor-element-4e5b67e0 elementor-widget elementor-widget-text-editor\" data-id=\"4e5b67e0\" data-element_type=\"widget\" data-widget_type=\"text-editor.default\">\n\t\t\t\t<div class=\"elementor-widget-container\">\n\t\t\t\t\t\t\t\t\t<p>Nil\u00fcfer Organize Sanayi B\u00f6lgesi Ihlamur cad. No:15, Nil\u00fcfer<\/p><p>Bursa, T\u00fcrkiye 16220<\/p>\t\t\t\t\t\t\t\t<\/div>\n\t\t\t\t<\/div>\n\t\t\t\t<\/div>\n\t\t\t\t<\/div>\n\t\t<div class=\"elementor-element elementor-element-c1f3547 e-con-full e-flex e-con e-child\" data-id=\"c1f3547\" data-element_type=\"container\">\n\t\t<div class=\"elementor-element elementor-element-40e91a4f e-con-full e-flex e-con e-child\" data-id=\"40e91a4f\" data-element_type=\"container\">\n\t\t\t\t<div class=\"elementor-element elementor-element-1b83312c elementor-widget elementor-widget-heading\" data-id=\"1b83312c\" data-element_type=\"widget\" data-widget_type=\"heading.default\">\n\t\t\t\t<div class=\"elementor-widget-container\">\n\t\t\t\t\t<h4 class=\"elementor-heading-title elementor-size-default\">CONTACT:<\/h4>\t\t\t\t<\/div>\n\t\t\t\t<\/div>\n\t\t\t\t<div class=\"elementor-element elementor-element-59b48f73 elementor-widget elementor-widget-text-editor\" data-id=\"59b48f73\" data-element_type=\"widget\" data-widget_type=\"text-editor.default\">\n\t\t\t\t<div class=\"elementor-widget-container\">\n\t\t\t\t\t\t\t\t\t<p><a href=\"tel:00902242610101\">T: +90 (224) 261-0101<\/a><\/p><p><a href=\"mailto:info@ruya.com.tr\">info@ruya.com.tr<\/a><\/p>\t\t\t\t\t\t\t\t<\/div>\n\t\t\t\t<\/div>\n\t\t\t\t<\/div>\n\t\t\t\t<\/div>\n\t\t\t\t<\/div>\n\t\t\t\t\t<\/div>\n\t\t\t\t<\/div>\n\t\t\t\t<\/div>","protected":false},"excerpt":{"rendered":"<p>Bize Ula\u015f\u0131n Form arac\u0131l\u0131\u011f\u0131 ile bize direkt email atabilir, veya a\u015fa\u011f\u0131daki butona t\u0131klayarak bizi arayabilirsiniz. \u0130\u015fletmenize de\u011fer katmak ve markan\u0131z\u0131 geli\u015ftirmek i\u00e7in size yard\u0131mc\u0131 olmaya haz\u0131r\u0131z. \u015e\u0130MD\u0130 B\u0130ZE ULA\u015eIN! \u00dcretimlerimiz hakk\u0131nda bilgi almak i\u00e7in bize ula\u015fabilirsiniz. Markan\u0131z\u0131 geli\u015ftirmek i\u00e7in, projelerinizde size yard\u0131mc\u0131 olmaya haz\u0131r\u0131z. Telefon \u0130\u00e7in T\u0131klay\u0131n R\u00dcYA P\u0130KE EV TEKST\u0130L\u0130 SAN. T\u0130C. LTD. \u015eT\u0130&#8230;.<\/p>","protected":false},"author":1,"featured_media":0,"parent":0,"menu_order":0,"comment_status":"closed","ping_status":"closed","template":"elementor_header_footer","meta":{"_kad_post_transparent":"","_kad_post_title":"","_kad_post_layout":"","_kad_post_sidebar_id":"","_kad_post_content_style":"","_kad_post_vertical_padding":"","_kad_post_feature":"","_kad_post_feature_position":"","_kad_post_header":false,"_kad_post_footer":false,"_kad_post_classname":"","footnotes":""},"class_list":["post-1344","page","type-page","status-publish","hentry"],"yoast_head":"<!-- This site is optimized with the Yoast SEO plugin v26.5 - https:\/\/yoast.com\/wordpress\/plugins\/seo\/ -->\n<title>\u0130leti\u015fim - R\u00fcya Pike<\/title>\n<meta name=\"robots\" content=\"index, follow, max-snippet:-1, max-image-preview:large, max-video-preview:-1\" \/>\n<link rel=\"canonical\" href=\"https:\/\/ruya.com.tr\/en\/iletisim\/\" \/>\n<meta property=\"og:locale\" content=\"en_US\" \/>\n<meta property=\"og:type\" content=\"article\" \/>\n<meta property=\"og:title\" content=\"\u0130leti\u015fim - R\u00fcya Pike\" \/>\n<meta property=\"og:description\" content=\"Bize Ula\u015f\u0131n Form arac\u0131l\u0131\u011f\u0131 ile bize direkt email atabilir, veya a\u015fa\u011f\u0131daki butona t\u0131klayarak bizi arayabilirsiniz. \u0130\u015fletmenize de\u011fer katmak ve markan\u0131z\u0131 geli\u015ftirmek i\u00e7in size yard\u0131mc\u0131 olmaya haz\u0131r\u0131z. \u015e\u0130MD\u0130 B\u0130ZE ULA\u015eIN! \u00dcretimlerimiz hakk\u0131nda bilgi almak i\u00e7in bize ula\u015fabilirsiniz. Markan\u0131z\u0131 geli\u015ftirmek i\u00e7in, projelerinizde size yard\u0131mc\u0131 olmaya haz\u0131r\u0131z. Telefon \u0130\u00e7in T\u0131klay\u0131n R\u00dcYA P\u0130KE EV TEKST\u0130L\u0130 SAN. T\u0130C. LTD. \u015eT\u0130....\" \/>\n<meta property=\"og:url\" content=\"https:\/\/ruya.com.tr\/en\/iletisim\/\" \/>\n<meta property=\"og:site_name\" content=\"R\u00fcya Pike\" \/>\n<meta property=\"article:modified_time\" content=\"2025-06-02T20:00:08+00:00\" \/>\n<meta property=\"og:image\" content=\"https:\/\/ruya.com.tr\/wp-content\/uploads\/2023\/10\/ruya-main-logo.png\" \/>\n\t<meta property=\"og:image:width\" content=\"512\" \/>\n\t<meta property=\"og:image:height\" content=\"740\" \/>\n\t<meta property=\"og:image:type\" content=\"image\/png\" \/>\n<meta name=\"twitter:card\" content=\"summary_large_image\" \/>\n<meta name=\"twitter:label1\" content=\"Est. reading time\" \/>\n\t<meta name=\"twitter:data1\" content=\"1 minute\" \/>\n<script type=\"application\/ld+json\" class=\"yoast-schema-graph\">{\"@context\":\"https:\/\/schema.org\",\"@graph\":[{\"@type\":\"WebPage\",\"@id\":\"https:\/\/ruya.com.tr\/iletisim\/\",\"url\":\"https:\/\/ruya.com.tr\/iletisim\/\",\"name\":\"\u0130leti\u015fim - R\u00fcya Pike\",\"isPartOf\":{\"@id\":\"https:\/\/ruya.com.tr\/#website\"},\"primaryImageOfPage\":{\"@id\":\"https:\/\/ruya.com.tr\/iletisim\/#primaryimage\"},\"image\":{\"@id\":\"https:\/\/ruya.com.tr\/iletisim\/#primaryimage\"},\"thumbnailUrl\":\"https:\/\/ruya.com.tr\/wp-content\/uploads\/2023\/10\/ruya-main-logo.png\",\"datePublished\":\"2023-10-27T06:44:02+00:00\",\"dateModified\":\"2025-06-02T20:00:08+00:00\",\"breadcrumb\":{\"@id\":\"https:\/\/ruya.com.tr\/iletisim\/#breadcrumb\"},\"inLanguage\":\"en-US\",\"potentialAction\":[{\"@type\":\"ReadAction\",\"target\":[\"https:\/\/ruya.com.tr\/iletisim\/\"]}]},{\"@type\":\"ImageObject\",\"inLanguage\":\"en-US\",\"@id\":\"https:\/\/ruya.com.tr\/iletisim\/#primaryimage\",\"url\":\"https:\/\/ruya.com.tr\/wp-content\/uploads\/2023\/10\/ruya-main-logo.png\",\"contentUrl\":\"https:\/\/ruya.com.tr\/wp-content\/uploads\/2023\/10\/ruya-main-logo.png\"},{\"@type\":\"BreadcrumbList\",\"@id\":\"https:\/\/ruya.com.tr\/iletisim\/#breadcrumb\",\"itemListElement\":[{\"@type\":\"ListItem\",\"position\":1,\"name\":\"Home\",\"item\":\"https:\/\/ruya.com.tr\/\"},{\"@type\":\"ListItem\",\"position\":2,\"name\":\"\u0130leti\u015fim\"}]},{\"@type\":\"WebSite\",\"@id\":\"https:\/\/ruya.com.tr\/#website\",\"url\":\"https:\/\/ruya.com.tr\/\",\"name\":\"R\u00fcya Pike Ltd.\",\"description\":\"Nitelikli Kuma\u015f | Jakarl\u0131 Dokuma Pike, Yatak \u00d6rt\u00fcs\u00fc ve Ev Tekstil \u00dcr\u00fcnleri\",\"publisher\":{\"@id\":\"https:\/\/ruya.com.tr\/#organization\"},\"potentialAction\":[{\"@type\":\"SearchAction\",\"target\":{\"@type\":\"EntryPoint\",\"urlTemplate\":\"https:\/\/ruya.com.tr\/?s={search_term_string}\"},\"query-input\":{\"@type\":\"PropertyValueSpecification\",\"valueRequired\":true,\"valueName\":\"search_term_string\"}}],\"inLanguage\":\"en-US\"},{\"@type\":\"Organization\",\"@id\":\"https:\/\/ruya.com.tr\/#organization\",\"name\":\"R\u00fcya Pike\",\"url\":\"https:\/\/ruya.com.tr\/\",\"logo\":{\"@type\":\"ImageObject\",\"inLanguage\":\"en-US\",\"@id\":\"https:\/\/ruya.com.tr\/#\/schema\/logo\/image\/\",\"url\":\"https:\/\/ruya.com.tr\/wp-content\/uploads\/2023\/11\/ruya-pike-logo.png\",\"contentUrl\":\"https:\/\/ruya.com.tr\/wp-content\/uploads\/2023\/11\/ruya-pike-logo.png\",\"width\":1024,\"height\":512,\"caption\":\"R\u00fcya Pike\"},\"image\":{\"@id\":\"https:\/\/ruya.com.tr\/#\/schema\/logo\/image\/\"}}]}<\/script>\n<!-- \/ Yoast SEO plugin. -->","yoast_head_json":{"title":"\u0130leti\u015fim - R\u00fcya Pike","robots":{"index":"index","follow":"follow","max-snippet":"max-snippet:-1","max-image-preview":"max-image-preview:large","max-video-preview":"max-video-preview:-1"},"canonical":"https:\/\/ruya.com.tr\/en\/iletisim\/","og_locale":"en_US","og_type":"article","og_title":"\u0130leti\u015fim - R\u00fcya Pike","og_description":"Bize Ula\u015f\u0131n Form arac\u0131l\u0131\u011f\u0131 ile bize direkt email atabilir, veya a\u015fa\u011f\u0131daki butona t\u0131klayarak bizi arayabilirsiniz. \u0130\u015fletmenize de\u011fer katmak ve markan\u0131z\u0131 geli\u015ftirmek i\u00e7in size yard\u0131mc\u0131 olmaya haz\u0131r\u0131z. \u015e\u0130MD\u0130 B\u0130ZE ULA\u015eIN! \u00dcretimlerimiz hakk\u0131nda bilgi almak i\u00e7in bize ula\u015fabilirsiniz. Markan\u0131z\u0131 geli\u015ftirmek i\u00e7in, projelerinizde size yard\u0131mc\u0131 olmaya haz\u0131r\u0131z. Telefon \u0130\u00e7in T\u0131klay\u0131n R\u00dcYA P\u0130KE EV TEKST\u0130L\u0130 SAN. T\u0130C. LTD. \u015eT\u0130....","og_url":"https:\/\/ruya.com.tr\/en\/iletisim\/","og_site_name":"R\u00fcya Pike","article_modified_time":"2025-06-02T20:00:08+00:00","og_image":[{"width":512,"height":740,"url":"https:\/\/ruya.com.tr\/wp-content\/uploads\/2023\/10\/ruya-main-logo.png","type":"image\/png"}],"twitter_card":"summary_large_image","twitter_misc":{"Est. reading time":"1 minute"},"schema":{"@context":"https:\/\/schema.org","@graph":[{"@type":"WebPage","@id":"https:\/\/ruya.com.tr\/iletisim\/","url":"https:\/\/ruya.com.tr\/iletisim\/","name":"\u0130leti\u015fim - R\u00fcya Pike","isPartOf":{"@id":"https:\/\/ruya.com.tr\/#website"},"primaryImageOfPage":{"@id":"https:\/\/ruya.com.tr\/iletisim\/#primaryimage"},"image":{"@id":"https:\/\/ruya.com.tr\/iletisim\/#primaryimage"},"thumbnailUrl":"https:\/\/ruya.com.tr\/wp-content\/uploads\/2023\/10\/ruya-main-logo.png","datePublished":"2023-10-27T06:44:02+00:00","dateModified":"2025-06-02T20:00:08+00:00","breadcrumb":{"@id":"https:\/\/ruya.com.tr\/iletisim\/#breadcrumb"},"inLanguage":"en-US","potentialAction":[{"@type":"ReadAction","target":["https:\/\/ruya.com.tr\/iletisim\/"]}]},{"@type":"ImageObject","inLanguage":"en-US","@id":"https:\/\/ruya.com.tr\/iletisim\/#primaryimage","url":"https:\/\/ruya.com.tr\/wp-content\/uploads\/2023\/10\/ruya-main-logo.png","contentUrl":"https:\/\/ruya.com.tr\/wp-content\/uploads\/2023\/10\/ruya-main-logo.png"},{"@type":"BreadcrumbList","@id":"https:\/\/ruya.com.tr\/iletisim\/#breadcrumb","itemListElement":[{"@type":"ListItem","position":1,"name":"Home","item":"https:\/\/ruya.com.tr\/"},{"@type":"ListItem","position":2,"name":"\u0130leti\u015fim"}]},{"@type":"WebSite","@id":"https:\/\/ruya.com.tr\/#website","url":"https:\/\/ruya.com.tr\/","name":"R\u00fcya Pike Ltd.","description":"Nitelikli Kuma\u015f | Jakarl\u0131 Dokuma Pike, Yatak \u00d6rt\u00fcs\u00fc ve Ev Tekstil \u00dcr\u00fcnleri","publisher":{"@id":"https:\/\/ruya.com.tr\/#organization"},"potentialAction":[{"@type":"SearchAction","target":{"@type":"EntryPoint","urlTemplate":"https:\/\/ruya.com.tr\/?s={search_term_string}"},"query-input":{"@type":"PropertyValueSpecification","valueRequired":true,"valueName":"search_term_string"}}],"inLanguage":"en-US"},{"@type":"Organization","@id":"https:\/\/ruya.com.tr\/#organization","name":"R\u00fcya Pike","url":"https:\/\/ruya.com.tr\/","logo":{"@type":"ImageObject","inLanguage":"en-US","@id":"https:\/\/ruya.com.tr\/#\/schema\/logo\/image\/","url":"https:\/\/ruya.com.tr\/wp-content\/uploads\/2023\/11\/ruya-pike-logo.png","contentUrl":"https:\/\/ruya.com.tr\/wp-content\/uploads\/2023\/11\/ruya-pike-logo.png","width":1024,"height":512,"caption":"R\u00fcya Pike"},"image":{"@id":"https:\/\/ruya.com.tr\/#\/schema\/logo\/image\/"}}]}},"jetpack_sharing_enabled":true,"_links":{"self":[{"href":"https:\/\/ruya.com.tr\/en\/wp-json\/wp\/v2\/pages\/1344","targetHints":{"allow":["GET"]}}],"collection":[{"href":"https:\/\/ruya.com.tr\/en\/wp-json\/wp\/v2\/pages"}],"about":[{"href":"https:\/\/ruya.com.tr\/en\/wp-json\/wp\/v2\/types\/page"}],"author":[{"embeddable":true,"href":"https:\/\/ruya.com.tr\/en\/wp-json\/wp\/v2\/users\/1"}],"replies":[{"embeddable":true,"href":"https:\/\/ruya.com.tr\/en\/wp-json\/wp\/v2\/comments?post=1344"}],"version-history":[{"count":6,"href":"https:\/\/ruya.com.tr\/en\/wp-json\/wp\/v2\/pages\/1344\/revisions"}],"predecessor-version":[{"id":4199,"href":"https:\/\/ruya.com.tr\/en\/wp-json\/wp\/v2\/pages\/1344\/revisions\/4199"}],"wp:attachment":[{"href":"https:\/\/ruya.com.tr\/en\/wp-json\/wp\/v2\/media?parent=1344"}],"curies":[{"name":"wp","href":"https:\/\/api.w.org\/{rel}","templated":true}]}}