{"id":1411,"date":"2023-10-27T07:12:16","date_gmt":"2023-10-27T07:12:16","guid":{"rendered":"https:\/\/ruya.com.tr\/?page_id=1411"},"modified":"2025-06-02T23:02:27","modified_gmt":"2025-06-02T20:02:27","slug":"katalog_talep","status":"publish","type":"page","link":"https:\/\/ruya.com.tr\/en\/katalog_talep\/","title":{"rendered":"Katalog_talep"},"content":{"rendered":"<div data-elementor-type=\"wp-page\" data-elementor-id=\"1411\" class=\"elementor elementor-1411\">\n\t\t\t\t<div class=\"elementor-element elementor-element-47a66eb7 e-flex e-con-boxed e-con e-parent\" data-id=\"47a66eb7\" data-element_type=\"container\" id=\"top\" data-settings=\"{&quot;background_background&quot;:&quot;slideshow&quot;,&quot;background_slideshow_gallery&quot;:[{&quot;id&quot;:270,&quot;url&quot;:&quot;https:\\\/\\\/ruya.com.tr\\\/wp-content\\\/uploads\\\/2023\\\/10\\\/ruya_pike_pike_takimi.jpg&quot;},{&quot;id&quot;:269,&quot;url&quot;:&quot;https:\\\/\\\/ruya.com.tr\\\/wp-content\\\/uploads\\\/2023\\\/10\\\/ruya_pike_nevresim_takimi.jpg&quot;},{&quot;id&quot;:266,&quot;url&quot;:&quot;https:\\\/\\\/ruya.com.tr\\\/wp-content\\\/uploads\\\/2023\\\/10\\\/ruya_pike_kirlent.jpg&quot;},{&quot;id&quot;:272,&quot;url&quot;:&quot;https:\\\/\\\/ruya.com.tr\\\/wp-content\\\/uploads\\\/2023\\\/10\\\/ruya_pike_yatak_ortusu.jpg&quot;},{&quot;id&quot;:267,&quot;url&quot;:&quot;https:\\\/\\\/ruya.com.tr\\\/wp-content\\\/uploads\\\/2023\\\/10\\\/ruya_pike_konfeksiyon.jpg&quot;},{&quot;id&quot;:260,&quot;url&quot;:&quot;https:\\\/\\\/ruya.com.tr\\\/wp-content\\\/uploads\\\/2023\\\/10\\\/ruya_pike_dokuma.jpg&quot;}],&quot;background_slideshow_slide_duration&quot;:6000,&quot;background_slideshow_transition_duration&quot;:4000,&quot;background_slideshow_ken_burns&quot;:&quot;yes&quot;,&quot;background_slideshow_ken_burns_zoom_direction&quot;:&quot;out&quot;,&quot;background_slideshow_loop&quot;:&quot;yes&quot;,&quot;background_slideshow_slide_transition&quot;:&quot;fade&quot;}\">\n\t\t\t\t\t<div class=\"e-con-inner\">\n\t\t<div class=\"elementor-element elementor-element-8c12c74 e-con-full e-flex e-con e-child\" data-id=\"8c12c74\" data-element_type=\"container\">\n\t\t\t\t<div class=\"elementor-element elementor-element-473f9970 elementor-widget elementor-widget-image\" data-id=\"473f9970\" data-element_type=\"widget\" data-widget_type=\"image.default\">\n\t\t\t\t<div class=\"elementor-widget-container\">\n\t\t\t\t\t\t\t\t\t\t\t\t\t\t\t\t<a href=\"http:\/\/ruya.com.tr\/en\/\">\n\t\t\t\t\t\t\t<img fetchpriority=\"high\" decoding=\"async\" width=\"512\" height=\"740\" src=\"https:\/\/ruya.com.tr\/wp-content\/uploads\/2023\/10\/ruya-main-logo.png\" class=\"attachment-full size-full wp-image-60\" alt=\"\" srcset=\"https:\/\/ruya.com.tr\/wp-content\/uploads\/2023\/10\/ruya-main-logo.png 512w, https:\/\/ruya.com.tr\/wp-content\/uploads\/2023\/10\/ruya-main-logo-208x300.png 208w\" sizes=\"(max-width: 512px) 100vw, 512px\" \/>\t\t\t\t\t\t\t\t<\/a>\n\t\t\t\t\t\t\t\t\t\t\t\t\t\t\t<\/div>\n\t\t\t\t<\/div>\n\t\t\t\t<div class=\"elementor-element elementor-element-38e343aa elementor-widget elementor-widget-spacer\" data-id=\"38e343aa\" data-element_type=\"widget\" data-widget_type=\"spacer.default\">\n\t\t\t\t<div class=\"elementor-widget-container\">\n\t\t\t\t\t\t\t<div class=\"elementor-spacer\">\n\t\t\t<div class=\"elementor-spacer-inner\"><\/div>\n\t\t<\/div>\n\t\t\t\t\t\t<\/div>\n\t\t\t\t<\/div>\n\t\t\t\t<div class=\"elementor-element elementor-element-f824ca2 elementor-widget elementor-widget-heading\" data-id=\"f824ca2\" data-element_type=\"widget\" data-widget_type=\"heading.default\">\n\t\t\t\t<div class=\"elementor-widget-container\">\n\t\t\t\t\t<h1 class=\"elementor-heading-title elementor-size-large\">Detailed Catalog And Info<\/h1>\t\t\t\t<\/div>\n\t\t\t\t<\/div>\n\t\t\t\t<div class=\"elementor-element elementor-element-68a14d84 elementor-widget elementor-widget-spacer\" data-id=\"68a14d84\" data-element_type=\"widget\" data-widget_type=\"spacer.default\">\n\t\t\t\t<div class=\"elementor-widget-container\">\n\t\t\t\t\t\t\t<div class=\"elementor-spacer\">\n\t\t\t<div class=\"elementor-spacer-inner\"><\/div>\n\t\t<\/div>\n\t\t\t\t\t\t<\/div>\n\t\t\t\t<\/div>\n\t\t\t\t<div class=\"elementor-element elementor-element-4a06ff3d elementor-widget elementor-widget-heading\" data-id=\"4a06ff3d\" data-element_type=\"widget\" data-widget_type=\"heading.default\">\n\t\t\t\t<div class=\"elementor-widget-container\">\n\t\t\t\t\t<p class=\"elementor-heading-title elementor-size-large\">You can get our catalog with more detailed and various products for your business; information about minimum order quantities, fabric widths and more. Fill out the form below and we will send it to your e-mail address immediately.<\/p>\t\t\t\t<\/div>\n\t\t\t\t<\/div>\n\t\t\t\t<\/div>\n\t\t\t\t\t<\/div>\n\t\t\t\t<\/div>\n\t\t<div class=\"elementor-element elementor-element-aee4182 e-flex e-con-boxed e-con e-parent\" data-id=\"aee4182\" data-element_type=\"container\">\n\t\t\t\t\t<div class=\"e-con-inner\">\n\t\t\t\t<div class=\"elementor-element elementor-element-025508c elementor-widget elementor-widget-shortcode\" data-id=\"025508c\" data-element_type=\"widget\" data-widget_type=\"shortcode.default\">\n\t\t\t\t<div class=\"elementor-widget-container\">\n\t\t\t\t\t\t\t<div class=\"elementor-shortcode\"><iframe width=\"1200\" height=\"750\" src=\"https:\/\/f03ff9cc.sibforms.com\/serve\/MUIFAI2OIlpDA9hOiv8R9lO2WklHJ4xrEFmO3d9mSG2WFE7M599cpZwdqkiuNuRrhztdDUk7csEVfbfhEun6FEGujPyr3EV0s_nUIXHGsAVaq4wpCnFHAnliKm7CnOIzVy91ZESmYCPhDk7MBYJy9F1LuiNdqMBFzOrnnYUQUBhQqKNTA4K2w6465u4wjkV_z6m1V96IH8qH3fPY\" frameborder=\"0\" scrolling=\"auto\" allowfullscreen style=\"display: block;margin-left: auto;margin-right: auto;max-width: 100%;\"><\/iframe><\/div>\n\t\t\t\t\t\t<\/div>\n\t\t\t\t<\/div>\n\t\t\t\t\t<\/div>\n\t\t\t\t<\/div>\n\t\t<div class=\"elementor-element elementor-element-68cd35b3 e-flex e-con-boxed e-con e-parent\" data-id=\"68cd35b3\" data-element_type=\"container\" data-settings=\"{&quot;background_background&quot;:&quot;classic&quot;}\">\n\t\t\t\t\t<div class=\"e-con-inner\">\n\t\t<div class=\"elementor-element elementor-element-677af233 e-con-full e-flex e-con e-child\" data-id=\"677af233\" data-element_type=\"container\">\n\t\t\t\t<div class=\"elementor-element elementor-element-6163eb16 elementor-widget elementor-widget-heading\" data-id=\"6163eb16\" data-element_type=\"widget\" data-widget_type=\"heading.default\">\n\t\t\t\t<div class=\"elementor-widget-container\">\n\t\t\t\t\t<h3 class=\"elementor-heading-title elementor-size-large\">CONTACT US NOW!<\/h3>\t\t\t\t<\/div>\n\t\t\t\t<\/div>\n\t\t\t\t<div class=\"elementor-element elementor-element-195cbc79 elementor-widget elementor-widget-text-editor\" data-id=\"195cbc79\" data-element_type=\"widget\" data-widget_type=\"text-editor.default\">\n\t\t\t\t<div class=\"elementor-widget-container\">\n\t\t\t\t\t\t\t\t\t<p>You can contact us to get information about our productions. We are ready to help you with your projects to develop your brand.<\/p>\t\t\t\t\t\t\t\t<\/div>\n\t\t\t\t<\/div>\n\t\t\t\t<\/div>\n\t\t<div class=\"elementor-element elementor-element-771b130a e-con-full e-flex e-con e-child\" data-id=\"771b130a\" data-element_type=\"container\">\n\t\t\t\t<div class=\"elementor-element elementor-element-5942c7a5 elementor-align-center elementor-widget elementor-widget-button\" data-id=\"5942c7a5\" data-element_type=\"widget\" data-widget_type=\"button.default\">\n\t\t\t\t<div class=\"elementor-widget-container\">\n\t\t\t\t\t\t\t\t\t<div class=\"elementor-button-wrapper\">\n\t\t\t\t\t<a class=\"elementor-button elementor-button-link elementor-size-xl elementor-animation-grow\" href=\"http:\/\/ruya.com.tr\/en\/iletisim\/\">\n\t\t\t\t\t\t<span class=\"elementor-button-content-wrapper\">\n\t\t\t\t\t\t<span class=\"elementor-button-icon\">\n\t\t\t\t<svg aria-hidden=\"true\" class=\"e-font-icon-svg e-fas-envelope\" viewbox=\"0 0 512 512\" xmlns=\"http:\/\/www.w3.org\/2000\/svg\"><path d=\"M502.3 190.8c3.9-3.1 9.7-.2 9.7 4.7V400c0 26.5-21.5 48-48 48H48c-26.5 0-48-21.5-48-48V195.6c0-5 5.7-7.8 9.7-4.7 22.4 17.4 52.1 39.5 154.1 113.6 21.1 15.4 56.7 47.8 92.2 47.6 35.7.3 72-32.8 92.3-47.6 102-74.1 131.6-96.3 154-113.7zM256 320c23.2.4 56.6-29.2 73.4-41.4 132.7-96.3 142.8-104.7 173.4-128.7 5.8-4.5 9.2-11.5 9.2-18.9v-19c0-26.5-21.5-48-48-48H48C21.5 64 0 85.5 0 112v19c0 7.4 3.4 14.3 9.2 18.9 30.6 23.9 40.7 32.4 173.4 128.7 16.8 12.2 50.2 41.8 73.4 41.4z\"><\/path><\/svg>\t\t\t<\/span>\n\t\t\t\t\t\t\t\t\t<span class=\"elementor-button-text\">Click for E mail<\/span>\n\t\t\t\t\t<\/span>\n\t\t\t\t\t<\/a>\n\t\t\t\t<\/div>\n\t\t\t\t\t\t\t\t<\/div>\n\t\t\t\t<\/div>\n\t\t\t\t<div class=\"elementor-element elementor-element-29bc590e e-transform e-transform e-transform elementor-widget elementor-widget-button\" data-id=\"29bc590e\" data-element_type=\"widget\" data-settings=\"{&quot;_transform_rotateZ_effect&quot;:{&quot;unit&quot;:&quot;px&quot;,&quot;size&quot;:0,&quot;sizes&quot;:[]},&quot;_transform_translateX_effect&quot;:{&quot;unit&quot;:&quot;px&quot;,&quot;size&quot;:0,&quot;sizes&quot;:[]},&quot;_transform_skewX_effect&quot;:{&quot;unit&quot;:&quot;px&quot;,&quot;size&quot;:0,&quot;sizes&quot;:[]},&quot;_transform_rotateZ_effect_tablet&quot;:{&quot;unit&quot;:&quot;deg&quot;,&quot;size&quot;:&quot;&quot;,&quot;sizes&quot;:[]},&quot;_transform_rotateZ_effect_mobile&quot;:{&quot;unit&quot;:&quot;deg&quot;,&quot;size&quot;:&quot;&quot;,&quot;sizes&quot;:[]},&quot;_transform_translateX_effect_tablet&quot;:{&quot;unit&quot;:&quot;px&quot;,&quot;size&quot;:&quot;&quot;,&quot;sizes&quot;:[]},&quot;_transform_translateX_effect_mobile&quot;:{&quot;unit&quot;:&quot;px&quot;,&quot;size&quot;:&quot;&quot;,&quot;sizes&quot;:[]},&quot;_transform_translateY_effect&quot;:{&quot;unit&quot;:&quot;px&quot;,&quot;size&quot;:&quot;&quot;,&quot;sizes&quot;:[]},&quot;_transform_translateY_effect_tablet&quot;:{&quot;unit&quot;:&quot;px&quot;,&quot;size&quot;:&quot;&quot;,&quot;sizes&quot;:[]},&quot;_transform_translateY_effect_mobile&quot;:{&quot;unit&quot;:&quot;px&quot;,&quot;size&quot;:&quot;&quot;,&quot;sizes&quot;:[]},&quot;_transform_skewX_effect_tablet&quot;:{&quot;unit&quot;:&quot;deg&quot;,&quot;size&quot;:&quot;&quot;,&quot;sizes&quot;:[]},&quot;_transform_skewX_effect_mobile&quot;:{&quot;unit&quot;:&quot;deg&quot;,&quot;size&quot;:&quot;&quot;,&quot;sizes&quot;:[]},&quot;_transform_skewY_effect&quot;:{&quot;unit&quot;:&quot;px&quot;,&quot;size&quot;:&quot;&quot;,&quot;sizes&quot;:[]},&quot;_transform_skewY_effect_tablet&quot;:{&quot;unit&quot;:&quot;deg&quot;,&quot;size&quot;:&quot;&quot;,&quot;sizes&quot;:[]},&quot;_transform_skewY_effect_mobile&quot;:{&quot;unit&quot;:&quot;deg&quot;,&quot;size&quot;:&quot;&quot;,&quot;sizes&quot;:[]}}\" data-widget_type=\"button.default\">\n\t\t\t\t<div class=\"elementor-widget-container\">\n\t\t\t\t\t\t\t\t\t<div class=\"elementor-button-wrapper\">\n\t\t\t\t\t<a class=\"elementor-button elementor-button-link elementor-size-xl elementor-animation-grow\" href=\"tel:+902242610101\">\n\t\t\t\t\t\t<span class=\"elementor-button-content-wrapper\">\n\t\t\t\t\t\t<span class=\"elementor-button-icon\">\n\t\t\t\t<svg aria-hidden=\"true\" class=\"e-font-icon-svg e-fas-phone\" viewbox=\"0 0 512 512\" xmlns=\"http:\/\/www.w3.org\/2000\/svg\"><path d=\"M493.4 24.6l-104-24c-11.3-2.6-22.9 3.3-27.5 13.9l-48 112c-4.2 9.8-1.4 21.3 6.9 28l60.6 49.6c-36 76.7-98.9 140.5-177.2 177.2l-49.6-60.6c-6.8-8.3-18.2-11.1-28-6.9l-112 48C3.9 366.5-2 378.1.6 389.4l24 104C27.1 504.2 36.7 512 48 512c256.1 0 464-207.5 464-464 0-11.2-7.7-20.9-18.6-23.4z\"><\/path><\/svg>\t\t\t<\/span>\n\t\t\t\t\t\t\t\t\t<span class=\"elementor-button-text\">Click for Phone<\/span>\n\t\t\t\t\t<\/span>\n\t\t\t\t\t<\/a>\n\t\t\t\t<\/div>\n\t\t\t\t\t\t\t\t<\/div>\n\t\t\t\t<\/div>\n\t\t\t\t<\/div>\n\t\t\t\t\t<\/div>\n\t\t\t\t<\/div>\n\t\t<div class=\"elementor-element elementor-element-7a9ac3 e-flex e-con-boxed e-con e-parent\" data-id=\"7a9ac3\" data-element_type=\"container\" data-settings=\"{&quot;background_background&quot;:&quot;classic&quot;}\">\n\t\t\t\t\t<div class=\"e-con-inner\">\n\t\t<div class=\"elementor-element elementor-element-6b5f4b49 e-con-full e-flex e-con e-child\" data-id=\"6b5f4b49\" data-element_type=\"container\">\n\t\t\t\t<div class=\"elementor-element elementor-element-7b06614c elementor-widget elementor-widget-google_maps\" data-id=\"7b06614c\" data-element_type=\"widget\" data-widget_type=\"google_maps.default\">\n\t\t\t\t<div class=\"elementor-widget-container\">\n\t\t\t\t\t\t\t<div class=\"elementor-custom-embed\">\n\t\t\t<iframe loading=\"lazy\"\n\t\t\t\t\tsrc=\"https:\/\/maps.google.com\/maps?q=R%C3%BCya%20Pike%20Nilufer%20Organize%20Sanayi%20Bolgesi%20Ihlamur%20Caddesi%20No%2015&#038;t=m&#038;z=18&#038;output=embed&#038;iwloc=near\"\n\t\t\t\t\ttitle=\"R\u00fcya Pike Nilufer Organize Sanayi Bolgesi Ihlamur Caddesi No 15\"\n\t\t\t\t\taria-label=\"R\u00fcya Pike Nilufer Organize Sanayi Bolgesi Ihlamur Caddesi No 15\"\n\t\t\t><\/iframe>\n\t\t<\/div>\n\t\t\t\t\t\t<\/div>\n\t\t\t\t<\/div>\n\t\t\t\t<\/div>\n\t\t<div class=\"elementor-element elementor-element-2efb5317 e-con-full e-flex e-con e-child\" data-id=\"2efb5317\" data-element_type=\"container\">\n\t\t<div class=\"elementor-element elementor-element-1d5c5d4e e-con-full e-flex e-con e-child\" data-id=\"1d5c5d4e\" data-element_type=\"container\">\n\t\t<div class=\"elementor-element elementor-element-32106710 e-con-full e-flex e-con e-child\" data-id=\"32106710\" data-element_type=\"container\">\n\t\t\t\t<div class=\"elementor-element elementor-element-5aa9499d elementor-widget elementor-widget-heading\" data-id=\"5aa9499d\" data-element_type=\"widget\" data-widget_type=\"heading.default\">\n\t\t\t\t<div class=\"elementor-widget-container\">\n\t\t\t\t\t<h3 class=\"elementor-heading-title elementor-size-large\">R\u00dcYA P\u0130KE EV TEKST\u0130L\u0130 SAN. T\u0130C. LTD. \u015eT\u0130.<\/h3>\t\t\t\t<\/div>\n\t\t\t\t<\/div>\n\t\t\t\t<\/div>\n\t\t\t\t<\/div>\n\t\t<div class=\"elementor-element elementor-element-5260b3a e-con-full e-flex e-con e-child\" data-id=\"5260b3a\" data-element_type=\"container\">\n\t\t<div class=\"elementor-element elementor-element-59246048 e-con-full e-flex e-con e-child\" data-id=\"59246048\" data-element_type=\"container\">\n\t\t\t\t<div class=\"elementor-element elementor-element-5339da14 elementor-widget elementor-widget-heading\" data-id=\"5339da14\" data-element_type=\"widget\" data-widget_type=\"heading.default\">\n\t\t\t\t<div class=\"elementor-widget-container\">\n\t\t\t\t\t<h4 class=\"elementor-heading-title elementor-size-default\">FACTORY ADDRESS:<\/h4>\t\t\t\t<\/div>\n\t\t\t\t<\/div>\n\t\t\t\t<div class=\"elementor-element elementor-element-650b4bb3 elementor-widget elementor-widget-text-editor\" data-id=\"650b4bb3\" data-element_type=\"widget\" data-widget_type=\"text-editor.default\">\n\t\t\t\t<div class=\"elementor-widget-container\">\n\t\t\t\t\t\t\t\t\t<p>Nil\u00fcfer Organize Sanayi B\u00f6lgesi Ihlamur cad. No:15, Nil\u00fcfer<\/p><p>Bursa, T\u00fcrkiye 16220<\/p>\t\t\t\t\t\t\t\t<\/div>\n\t\t\t\t<\/div>\n\t\t\t\t<\/div>\n\t\t\t\t<\/div>\n\t\t<div class=\"elementor-element elementor-element-7b260288 e-con-full e-flex e-con e-child\" data-id=\"7b260288\" data-element_type=\"container\">\n\t\t<div class=\"elementor-element elementor-element-4c31feef e-con-full e-flex e-con e-child\" data-id=\"4c31feef\" data-element_type=\"container\">\n\t\t\t\t<div class=\"elementor-element elementor-element-1f71cbb elementor-widget elementor-widget-heading\" data-id=\"1f71cbb\" data-element_type=\"widget\" data-widget_type=\"heading.default\">\n\t\t\t\t<div class=\"elementor-widget-container\">\n\t\t\t\t\t<h4 class=\"elementor-heading-title elementor-size-default\">CONTACT:<\/h4>\t\t\t\t<\/div>\n\t\t\t\t<\/div>\n\t\t\t\t<div class=\"elementor-element elementor-element-295f8bda elementor-widget elementor-widget-text-editor\" data-id=\"295f8bda\" data-element_type=\"widget\" data-widget_type=\"text-editor.default\">\n\t\t\t\t<div class=\"elementor-widget-container\">\n\t\t\t\t\t\t\t\t\t<p><a href=\"tel:00902242610101\">T: +90 (224) 261-0101<\/a><\/p><p><a href=\"mailto:info@ruya.com.tr\">info@ruya.com.tr<\/a><\/p>\t\t\t\t\t\t\t\t<\/div>\n\t\t\t\t<\/div>\n\t\t\t\t<\/div>\n\t\t\t\t<\/div>\n\t\t\t\t<\/div>\n\t\t\t\t\t<\/div>\n\t\t\t\t<\/div>\n\t\t\t\t<\/div>","protected":false},"excerpt":{"rendered":"<p>Detayl\u0131 Katalog ve Bilgi \u0130\u015fletmeniz i\u00e7in daha detayl\u0131 ve \u00e7e\u015fitli \u00fcr\u00fcnlerimizin bulundu\u011fu, minimum \u00fcretim miktarlar\u0131, kuma\u015f enleri ve daha fazla \u00fcretimle ilgili bilgilerin a\u00e7\u0131kland\u0131\u011f\u0131 katalo\u011fumuzu alabilirsiniz. A\u015fa\u011f\u0131daki formu doldurun, email adresinize hemen yollayal\u0131m. \u015e\u0130MD\u0130 B\u0130ZE ULA\u015eIN! \u00dcretimlerimiz hakk\u0131nda bilgi almak i\u00e7in bize ula\u015fabilirsiniz. Markan\u0131z\u0131 geli\u015ftirmek i\u00e7in, projelerinizde size yard\u0131mc\u0131 olmaya haz\u0131r\u0131z. E Posta \u0130\u00e7in T\u0131klay\u0131n&#8230;<\/p>","protected":false},"author":1,"featured_media":0,"parent":0,"menu_order":0,"comment_status":"closed","ping_status":"closed","template":"elementor_header_footer","meta":{"_kad_post_transparent":"","_kad_post_title":"","_kad_post_layout":"","_kad_post_sidebar_id":"","_kad_post_content_style":"","_kad_post_vertical_padding":"","_kad_post_feature":"","_kad_post_feature_position":"","_kad_post_header":false,"_kad_post_footer":false,"_kad_post_classname":"","footnotes":""},"class_list":["post-1411","page","type-page","status-publish","hentry"],"yoast_head":"<!-- This site is optimized with the Yoast SEO plugin v26.5 - https:\/\/yoast.com\/wordpress\/plugins\/seo\/ -->\n<title>Katalog_talep - R\u00fcya Pike<\/title>\n<meta name=\"robots\" content=\"index, follow, max-snippet:-1, max-image-preview:large, max-video-preview:-1\" \/>\n<link rel=\"canonical\" href=\"https:\/\/ruya.com.tr\/en\/katalog_talep\/\" \/>\n<meta property=\"og:locale\" content=\"en_US\" \/>\n<meta property=\"og:type\" content=\"article\" \/>\n<meta property=\"og:title\" content=\"Katalog_talep - R\u00fcya Pike\" \/>\n<meta property=\"og:description\" content=\"Detayl\u0131 Katalog ve Bilgi \u0130\u015fletmeniz i\u00e7in daha detayl\u0131 ve \u00e7e\u015fitli \u00fcr\u00fcnlerimizin bulundu\u011fu, minimum \u00fcretim miktarlar\u0131, kuma\u015f enleri ve daha fazla \u00fcretimle ilgili bilgilerin a\u00e7\u0131kland\u0131\u011f\u0131 katalo\u011fumuzu alabilirsiniz. A\u015fa\u011f\u0131daki formu doldurun, email adresinize hemen yollayal\u0131m. \u015e\u0130MD\u0130 B\u0130ZE ULA\u015eIN! \u00dcretimlerimiz hakk\u0131nda bilgi almak i\u00e7in bize ula\u015fabilirsiniz. Markan\u0131z\u0131 geli\u015ftirmek i\u00e7in, projelerinizde size yard\u0131mc\u0131 olmaya haz\u0131r\u0131z. E Posta \u0130\u00e7in T\u0131klay\u0131n...\" \/>\n<meta property=\"og:url\" content=\"https:\/\/ruya.com.tr\/en\/katalog_talep\/\" \/>\n<meta property=\"og:site_name\" content=\"R\u00fcya Pike\" \/>\n<meta property=\"article:modified_time\" content=\"2025-06-02T20:02:27+00:00\" \/>\n<meta property=\"og:image\" content=\"https:\/\/ruya.com.tr\/wp-content\/uploads\/2023\/10\/ruya-main-logo.png\" \/>\n\t<meta property=\"og:image:width\" content=\"512\" \/>\n\t<meta property=\"og:image:height\" content=\"740\" \/>\n\t<meta property=\"og:image:type\" content=\"image\/png\" \/>\n<meta name=\"twitter:card\" content=\"summary_large_image\" \/>\n<meta name=\"twitter:label1\" content=\"Est. reading time\" \/>\n\t<meta name=\"twitter:data1\" content=\"1 minute\" \/>\n<script type=\"application\/ld+json\" class=\"yoast-schema-graph\">{\"@context\":\"https:\/\/schema.org\",\"@graph\":[{\"@type\":\"WebPage\",\"@id\":\"https:\/\/ruya.com.tr\/katalog_talep\/\",\"url\":\"https:\/\/ruya.com.tr\/katalog_talep\/\",\"name\":\"Katalog_talep - R\u00fcya Pike\",\"isPartOf\":{\"@id\":\"https:\/\/ruya.com.tr\/#website\"},\"primaryImageOfPage\":{\"@id\":\"https:\/\/ruya.com.tr\/katalog_talep\/#primaryimage\"},\"image\":{\"@id\":\"https:\/\/ruya.com.tr\/katalog_talep\/#primaryimage\"},\"thumbnailUrl\":\"https:\/\/ruya.com.tr\/wp-content\/uploads\/2023\/10\/ruya-main-logo.png\",\"datePublished\":\"2023-10-27T07:12:16+00:00\",\"dateModified\":\"2025-06-02T20:02:27+00:00\",\"breadcrumb\":{\"@id\":\"https:\/\/ruya.com.tr\/katalog_talep\/#breadcrumb\"},\"inLanguage\":\"en-US\",\"potentialAction\":[{\"@type\":\"ReadAction\",\"target\":[\"https:\/\/ruya.com.tr\/katalog_talep\/\"]}]},{\"@type\":\"ImageObject\",\"inLanguage\":\"en-US\",\"@id\":\"https:\/\/ruya.com.tr\/katalog_talep\/#primaryimage\",\"url\":\"https:\/\/ruya.com.tr\/wp-content\/uploads\/2023\/10\/ruya-main-logo.png\",\"contentUrl\":\"https:\/\/ruya.com.tr\/wp-content\/uploads\/2023\/10\/ruya-main-logo.png\"},{\"@type\":\"BreadcrumbList\",\"@id\":\"https:\/\/ruya.com.tr\/katalog_talep\/#breadcrumb\",\"itemListElement\":[{\"@type\":\"ListItem\",\"position\":1,\"name\":\"Home\",\"item\":\"https:\/\/ruya.com.tr\/\"},{\"@type\":\"ListItem\",\"position\":2,\"name\":\"Katalog_talep\"}]},{\"@type\":\"WebSite\",\"@id\":\"https:\/\/ruya.com.tr\/#website\",\"url\":\"https:\/\/ruya.com.tr\/\",\"name\":\"R\u00fcya Pike Ltd.\",\"description\":\"Nitelikli Kuma\u015f | Jakarl\u0131 Dokuma Pike, Yatak \u00d6rt\u00fcs\u00fc ve Ev Tekstil \u00dcr\u00fcnleri\",\"publisher\":{\"@id\":\"https:\/\/ruya.com.tr\/#organization\"},\"potentialAction\":[{\"@type\":\"SearchAction\",\"target\":{\"@type\":\"EntryPoint\",\"urlTemplate\":\"https:\/\/ruya.com.tr\/?s={search_term_string}\"},\"query-input\":{\"@type\":\"PropertyValueSpecification\",\"valueRequired\":true,\"valueName\":\"search_term_string\"}}],\"inLanguage\":\"en-US\"},{\"@type\":\"Organization\",\"@id\":\"https:\/\/ruya.com.tr\/#organization\",\"name\":\"R\u00fcya Pike\",\"url\":\"https:\/\/ruya.com.tr\/\",\"logo\":{\"@type\":\"ImageObject\",\"inLanguage\":\"en-US\",\"@id\":\"https:\/\/ruya.com.tr\/#\/schema\/logo\/image\/\",\"url\":\"https:\/\/ruya.com.tr\/wp-content\/uploads\/2023\/11\/ruya-pike-logo.png\",\"contentUrl\":\"https:\/\/ruya.com.tr\/wp-content\/uploads\/2023\/11\/ruya-pike-logo.png\",\"width\":1024,\"height\":512,\"caption\":\"R\u00fcya Pike\"},\"image\":{\"@id\":\"https:\/\/ruya.com.tr\/#\/schema\/logo\/image\/\"}}]}<\/script>\n<!-- \/ Yoast SEO plugin. -->","yoast_head_json":{"title":"Katalog_talep - R\u00fcya Pike","robots":{"index":"index","follow":"follow","max-snippet":"max-snippet:-1","max-image-preview":"max-image-preview:large","max-video-preview":"max-video-preview:-1"},"canonical":"https:\/\/ruya.com.tr\/en\/katalog_talep\/","og_locale":"en_US","og_type":"article","og_title":"Katalog_talep - R\u00fcya Pike","og_description":"Detayl\u0131 Katalog ve Bilgi \u0130\u015fletmeniz i\u00e7in daha detayl\u0131 ve \u00e7e\u015fitli \u00fcr\u00fcnlerimizin bulundu\u011fu, minimum \u00fcretim miktarlar\u0131, kuma\u015f enleri ve daha fazla \u00fcretimle ilgili bilgilerin a\u00e7\u0131kland\u0131\u011f\u0131 katalo\u011fumuzu alabilirsiniz. A\u015fa\u011f\u0131daki formu doldurun, email adresinize hemen yollayal\u0131m. \u015e\u0130MD\u0130 B\u0130ZE ULA\u015eIN! \u00dcretimlerimiz hakk\u0131nda bilgi almak i\u00e7in bize ula\u015fabilirsiniz. Markan\u0131z\u0131 geli\u015ftirmek i\u00e7in, projelerinizde size yard\u0131mc\u0131 olmaya haz\u0131r\u0131z. E Posta \u0130\u00e7in T\u0131klay\u0131n...","og_url":"https:\/\/ruya.com.tr\/en\/katalog_talep\/","og_site_name":"R\u00fcya Pike","article_modified_time":"2025-06-02T20:02:27+00:00","og_image":[{"width":512,"height":740,"url":"https:\/\/ruya.com.tr\/wp-content\/uploads\/2023\/10\/ruya-main-logo.png","type":"image\/png"}],"twitter_card":"summary_large_image","twitter_misc":{"Est. reading time":"1 minute"},"schema":{"@context":"https:\/\/schema.org","@graph":[{"@type":"WebPage","@id":"https:\/\/ruya.com.tr\/katalog_talep\/","url":"https:\/\/ruya.com.tr\/katalog_talep\/","name":"Katalog_talep - R\u00fcya Pike","isPartOf":{"@id":"https:\/\/ruya.com.tr\/#website"},"primaryImageOfPage":{"@id":"https:\/\/ruya.com.tr\/katalog_talep\/#primaryimage"},"image":{"@id":"https:\/\/ruya.com.tr\/katalog_talep\/#primaryimage"},"thumbnailUrl":"https:\/\/ruya.com.tr\/wp-content\/uploads\/2023\/10\/ruya-main-logo.png","datePublished":"2023-10-27T07:12:16+00:00","dateModified":"2025-06-02T20:02:27+00:00","breadcrumb":{"@id":"https:\/\/ruya.com.tr\/katalog_talep\/#breadcrumb"},"inLanguage":"en-US","potentialAction":[{"@type":"ReadAction","target":["https:\/\/ruya.com.tr\/katalog_talep\/"]}]},{"@type":"ImageObject","inLanguage":"en-US","@id":"https:\/\/ruya.com.tr\/katalog_talep\/#primaryimage","url":"https:\/\/ruya.com.tr\/wp-content\/uploads\/2023\/10\/ruya-main-logo.png","contentUrl":"https:\/\/ruya.com.tr\/wp-content\/uploads\/2023\/10\/ruya-main-logo.png"},{"@type":"BreadcrumbList","@id":"https:\/\/ruya.com.tr\/katalog_talep\/#breadcrumb","itemListElement":[{"@type":"ListItem","position":1,"name":"Home","item":"https:\/\/ruya.com.tr\/"},{"@type":"ListItem","position":2,"name":"Katalog_talep"}]},{"@type":"WebSite","@id":"https:\/\/ruya.com.tr\/#website","url":"https:\/\/ruya.com.tr\/","name":"R\u00fcya Pike Ltd.","description":"Nitelikli Kuma\u015f | Jakarl\u0131 Dokuma Pike, Yatak \u00d6rt\u00fcs\u00fc ve Ev Tekstil \u00dcr\u00fcnleri","publisher":{"@id":"https:\/\/ruya.com.tr\/#organization"},"potentialAction":[{"@type":"SearchAction","target":{"@type":"EntryPoint","urlTemplate":"https:\/\/ruya.com.tr\/?s={search_term_string}"},"query-input":{"@type":"PropertyValueSpecification","valueRequired":true,"valueName":"search_term_string"}}],"inLanguage":"en-US"},{"@type":"Organization","@id":"https:\/\/ruya.com.tr\/#organization","name":"R\u00fcya Pike","url":"https:\/\/ruya.com.tr\/","logo":{"@type":"ImageObject","inLanguage":"en-US","@id":"https:\/\/ruya.com.tr\/#\/schema\/logo\/image\/","url":"https:\/\/ruya.com.tr\/wp-content\/uploads\/2023\/11\/ruya-pike-logo.png","contentUrl":"https:\/\/ruya.com.tr\/wp-content\/uploads\/2023\/11\/ruya-pike-logo.png","width":1024,"height":512,"caption":"R\u00fcya Pike"},"image":{"@id":"https:\/\/ruya.com.tr\/#\/schema\/logo\/image\/"}}]}},"jetpack_sharing_enabled":true,"_links":{"self":[{"href":"https:\/\/ruya.com.tr\/en\/wp-json\/wp\/v2\/pages\/1411","targetHints":{"allow":["GET"]}}],"collection":[{"href":"https:\/\/ruya.com.tr\/en\/wp-json\/wp\/v2\/pages"}],"about":[{"href":"https:\/\/ruya.com.tr\/en\/wp-json\/wp\/v2\/types\/page"}],"author":[{"embeddable":true,"href":"https:\/\/ruya.com.tr\/en\/wp-json\/wp\/v2\/users\/1"}],"replies":[{"embeddable":true,"href":"https:\/\/ruya.com.tr\/en\/wp-json\/wp\/v2\/comments?post=1411"}],"version-history":[{"count":6,"href":"https:\/\/ruya.com.tr\/en\/wp-json\/wp\/v2\/pages\/1411\/revisions"}],"predecessor-version":[{"id":4202,"href":"https:\/\/ruya.com.tr\/en\/wp-json\/wp\/v2\/pages\/1411\/revisions\/4202"}],"wp:attachment":[{"href":"https:\/\/ruya.com.tr\/en\/wp-json\/wp\/v2\/media?parent=1411"}],"curies":[{"name":"wp","href":"https:\/\/api.w.org\/{rel}","templated":true}]}}