{"id":3274,"date":"2025-03-10T20:43:31","date_gmt":"2025-03-10T17:43:31","guid":{"rendered":"https:\/\/ruya.com.tr\/?page_id=3274"},"modified":"2025-05-29T22:37:36","modified_gmt":"2025-05-29T19:37:36","slug":"sepetim","status":"publish","type":"page","link":"https:\/\/ruya.com.tr\/en\/sepetim\/","title":{"rendered":"Cart"},"content":{"rendered":"<div data-block-name=\"woocommerce\/cart\" class=\"wp-block-woocommerce-cart alignwide is-loading wc-block-cart\">\n<div data-block-name=\"woocommerce\/filled-cart-block\" class=\"wp-block-woocommerce-filled-cart-block\">\n<div data-block-name=\"woocommerce\/cart-items-block\" class=\"wp-block-woocommerce-cart-items-block\">\n<div data-block-name=\"woocommerce\/cart-line-items-block\" class=\"wp-block-woocommerce-cart-line-items-block\"><\/div>\n\n\n\n<div data-block-name=\"woocommerce\/cart-cross-sells-block\" class=\"wp-block-woocommerce-cart-cross-sells-block\">\n<h2 class=\"wp-block-heading has-large-font-size\">\u0130lginizi \u00e7ekebilir\u2026<\/h2>\n\n\n\n<div data-block-name=\"woocommerce\/cart-cross-sells-products-block\" class=\"wp-block-woocommerce-cart-cross-sells-products-block\"><\/div>\n<\/div>\n<\/div>\n\n\n\n<div data-block-name=\"woocommerce\/cart-totals-block\" class=\"wp-block-woocommerce-cart-totals-block\">\n<div data-block-name=\"woocommerce\/cart-order-summary-block\" class=\"wp-block-woocommerce-cart-order-summary-block\">\n<div data-block-name=\"woocommerce\/cart-order-summary-heading-block\" data-content=\"Sepet toplamlar\u0131\" class=\"wp-block-woocommerce-cart-order-summary-heading-block\"><\/div>\n\n\n\n<div data-block-name=\"woocommerce\/cart-order-summary-coupon-form-block\" class=\"wp-block-woocommerce-cart-order-summary-coupon-form-block\"><\/div>\n\n\n\n<div data-block-name=\"woocommerce\/cart-order-summary-totals-block\" class=\"wp-block-woocommerce-cart-order-summary-totals-block\">\n<div data-block-name=\"woocommerce\/cart-order-summary-subtotal-block\" class=\"wp-block-woocommerce-cart-order-summary-subtotal-block\"><\/div>\n\n\n\n<div data-block-name=\"woocommerce\/cart-order-summary-fee-block\" class=\"wp-block-woocommerce-cart-order-summary-fee-block\"><\/div>\n\n\n\n<div data-block-name=\"woocommerce\/cart-order-summary-discount-block\" class=\"wp-block-woocommerce-cart-order-summary-discount-block\"><\/div>\n\n\n\n<div data-block-name=\"woocommerce\/cart-order-summary-shipping-block\" class=\"wp-block-woocommerce-cart-order-summary-shipping-block\"><\/div>\n\n\n\n<div data-block-name=\"woocommerce\/cart-order-summary-taxes-block\" class=\"wp-block-woocommerce-cart-order-summary-taxes-block\"><\/div>\n<\/div>\n<\/div>\n\n\n\n<div data-block-name=\"woocommerce\/cart-express-payment-block\" class=\"wp-block-woocommerce-cart-express-payment-block\"><\/div>\n\n\n\n<div data-block-name=\"woocommerce\/proceed-to-checkout-block\" class=\"wp-block-woocommerce-proceed-to-checkout-block\"><\/div>\n\n\n\n<div data-block-name=\"woocommerce\/cart-accepted-payment-methods-block\" class=\"wp-block-woocommerce-cart-accepted-payment-methods-block\"><\/div>\n\n\n\n<p class=\"has-text-color has-link-color has-medium-font-size wp-elements-b04406e582ad6ec2cad3289e92b7ccd9\" style=\"color:#d30000\">Minimum order is 10 pieces in total!<\/p>\n\n\n\n<p class=\"has-medium-font-size\"><strong>TL VAT Incl., USD All Taxes Excl. | Transport Excluded, Cash Prices<\/strong><\/p>\n\n\n\n<p>DISCOUNT WILL APPLY TO TOTAL ORDER AMOUNT<br>100.000TL &#8211; 2.500$ = %5<br>400.000TL &#8211; 10.000$ = %10<br>1.000.000TL &#8211; 25.000$ = %15<br>2.000.000TL &#8211; 50.000$ = %20<\/p>\n<\/div>\n<\/div>\n\n\n\n<div data-block-name=\"woocommerce\/empty-cart-block\" class=\"wp-block-woocommerce-empty-cart-block\">\n<h2 class=\"wp-block-heading has-text-align-center with-empty-cart-icon wc-block-cart__empty-cart__title\">Your cart is empty!<\/h2>\n\n\n\n<p class=\"has-text-align-center\"><a href=\"https:\/\/ruya.com.tr\/en\/shop\/\">Check out the store<\/a><\/p>\n\n\n\n<hr class=\"wp-block-separator has-alpha-channel-opacity is-style-dots\"\/>\n\n\n\n<h2 class=\"wp-block-heading has-text-align-center\">New in store<\/h2>\n\n\n<div data-block-name=\"woocommerce\/product-new\" data-columns=\"4\" data-rows=\"1\" class=\"wc-block-grid wp-block-product-new wp-block-woocommerce-product-new wc-block-product-new has-4-columns\"><ul class=\"wc-block-grid__products\"><li class=\"wc-block-grid__product entry loop-entry content-bg woo-archive-action-on-hover woo-archive-btn-button product-loop-unboxed woo-archive-image-hover-zoom\"><a href=\"https:\/\/ruya.com.tr\/en\/shop\/00055-yatak-ortusu\/\" class=\"wc-block-grid__product-link woocommerce-loop-image-link woocommerce-LoopProduct-link woocommerce-loop-product__link\">\n\t\t\t\t\t<img fetchpriority=\"high\" decoding=\"async\" width=\"300\" height=\"300\" src=\"https:\/\/ruya.com.tr\/wp-content\/uploads\/2025\/05\/55-300x300.jpg\" class=\"attachment-woocommerce_thumbnail size-woocommerce_thumbnail\" alt=\"00055 - Yatak \u00d6rt\u00fcs\u00fc\" srcset=\"https:\/\/ruya.com.tr\/wp-content\/uploads\/2025\/05\/55-300x300.jpg 300w, https:\/\/ruya.com.tr\/wp-content\/uploads\/2025\/05\/55-150x150.jpg 150w, https:\/\/ruya.com.tr\/wp-content\/uploads\/2025\/05\/55-768x768.jpg 768w, https:\/\/ruya.com.tr\/wp-content\/uploads\/2025\/05\/55-12x12.jpg 12w, https:\/\/ruya.com.tr\/wp-content\/uploads\/2025\/05\/55-600x600.jpg 600w, https:\/\/ruya.com.tr\/wp-content\/uploads\/2025\/05\/55-100x100.jpg 100w, https:\/\/ruya.com.tr\/wp-content\/uploads\/2025\/05\/55.jpg 1024w\" sizes=\"(max-width: 300px) 100vw, 300px\" \/>\n\t\t\t\t\t\n\t\t\t\t<\/a><div class=\"wc-block-grid__product-onsale\">\n\t\t\t<span aria-hidden=\"true\" data-no-translation=\"\" data-trp-gettext=\"\">SALE<\/span>\n\t\t\t<span class=\"screen-reader-text\" data-no-translation=\"\" data-trp-gettext=\"\">\u0130ndirimdeki \u00fcr\u00fcn<\/span>\n\t\t<\/div>\n\t\t\t\t<div class=\"product-details content-bg entry-content-wrap\">\n\t\t\t\t\t<a href=\"https:\/\/ruya.com.tr\/en\/shop\/00055-yatak-ortusu\/\" class=\"wc-block-grid__product-title-link\">\n\t\t\t\t\t\t<div class=\"wc-block-grid__product-title\">00055 - Bedspread<\/div>\n\t\t\t\t\t<\/a>\n\t\t\t\t\t\n\t\t\t\t\t<div class=\"wc-block-grid__product-price price\"><a href=\"https:\/\/ruya.com.tr\/en\/hesabim\/\">Sign in to see the price<\/a><\/div>\n\t\t\t\t\t<div class=\"wp-block-button wc-block-grid__product-add-to-cart\"><a href=\"https:\/\/ruya.com.tr\/en\/shop\/00055-yatak-ortusu\/\" aria-label=\"\u201c00055 - Yatak \u00d6rt\u00fcs\u00fc\u201d i\u00e7in se\u00e7enekleri se\u00e7in\" data-quantity=\"1\" data-product_id=\"3974\" data-product_sku=\"\" rel=\"nofollow\" class=\"wp-block-button__link add_to_cart_button\" data-no-translation-aria-label=\"\">Options<span class=\"kadence-svg-iconset svg-baseline\"><svg class=\"kadence-svg-icon kadence-spinner-svg\" fill=\"currentColor\" version=\"1.1\" xmlns=\"http:\/\/www.w3.org\/2000\/svg\" width=\"16\" height=\"16\" viewbox=\"0 0 16 16\"><title>Loading<\/title><path d=\"M16 6h-6l2.243-2.243c-1.133-1.133-2.64-1.757-4.243-1.757s-3.109 0.624-4.243 1.757c-1.133 1.133-1.757 2.64-1.757 4.243s0.624 3.109 1.757 4.243c1.133 1.133 2.64 1.757 4.243 1.757s3.109-0.624 4.243-1.757c0.095-0.095 0.185-0.192 0.273-0.292l1.505 1.317c-1.466 1.674-3.62 2.732-6.020 2.732-4.418 0-8-3.582-8-8s3.582-8 8-8c2.209 0 4.209 0.896 5.656 2.344l2.343-2.344v6z\"><\/path>\n\t\t\t\t<\/svg><\/span><span class=\"kadence-svg-iconset svg-baseline\"><svg class=\"kadence-svg-icon kadence-check-svg\" fill=\"currentColor\" version=\"1.1\" xmlns=\"http:\/\/www.w3.org\/2000\/svg\" width=\"16\" height=\"16\" viewbox=\"0 0 16 16\"><title>Done<\/title><path d=\"M14 2.5l-8.5 8.5-3.5-3.5-1.5 1.5 5 5 10-10z\"><\/path>\n\t\t\t\t<\/svg><\/span><\/a><\/div>\n\t\t\t\t<\/div>\n\t\t\t<\/li><li class=\"wc-block-grid__product entry loop-entry content-bg woo-archive-action-on-hover woo-archive-btn-button product-loop-unboxed woo-archive-image-hover-zoom\"><a href=\"https:\/\/ruya.com.tr\/en\/shop\/00054-yatak-ortusu\/\" class=\"wc-block-grid__product-link woocommerce-loop-image-link woocommerce-LoopProduct-link woocommerce-loop-product__link\">\n\t\t\t\t\t<img decoding=\"async\" width=\"300\" height=\"300\" src=\"https:\/\/ruya.com.tr\/wp-content\/uploads\/2025\/05\/54-300x300.jpg\" class=\"attachment-woocommerce_thumbnail size-woocommerce_thumbnail\" alt=\"00054 - Yatak \u00d6rt\u00fcs\u00fc\" srcset=\"https:\/\/ruya.com.tr\/wp-content\/uploads\/2025\/05\/54-300x300.jpg 300w, https:\/\/ruya.com.tr\/wp-content\/uploads\/2025\/05\/54-150x150.jpg 150w, https:\/\/ruya.com.tr\/wp-content\/uploads\/2025\/05\/54-768x768.jpg 768w, https:\/\/ruya.com.tr\/wp-content\/uploads\/2025\/05\/54-12x12.jpg 12w, https:\/\/ruya.com.tr\/wp-content\/uploads\/2025\/05\/54-600x600.jpg 600w, https:\/\/ruya.com.tr\/wp-content\/uploads\/2025\/05\/54-100x100.jpg 100w, https:\/\/ruya.com.tr\/wp-content\/uploads\/2025\/05\/54.jpg 1024w\" sizes=\"(max-width: 300px) 100vw, 300px\" \/>\n\t\t\t\t\t\n\t\t\t\t<\/a><div class=\"wc-block-grid__product-onsale\">\n\t\t\t<span aria-hidden=\"true\" data-no-translation=\"\" data-trp-gettext=\"\">SALE<\/span>\n\t\t\t<span class=\"screen-reader-text\" data-no-translation=\"\" data-trp-gettext=\"\">\u0130ndirimdeki \u00fcr\u00fcn<\/span>\n\t\t<\/div>\n\t\t\t\t<div class=\"product-details content-bg entry-content-wrap\">\n\t\t\t\t\t<a href=\"https:\/\/ruya.com.tr\/en\/shop\/00054-yatak-ortusu\/\" class=\"wc-block-grid__product-title-link\">\n\t\t\t\t\t\t<div class=\"wc-block-grid__product-title\">00054 - Bedspread<\/div>\n\t\t\t\t\t<\/a>\n\t\t\t\t\t\n\t\t\t\t\t<div class=\"wc-block-grid__product-price price\"><a href=\"https:\/\/ruya.com.tr\/en\/hesabim\/\">Sign in to see the price<\/a><\/div>\n\t\t\t\t\t<div class=\"wp-block-button wc-block-grid__product-add-to-cart\"><a href=\"https:\/\/ruya.com.tr\/en\/shop\/00054-yatak-ortusu\/\" aria-label=\"\u201c00054 - Yatak \u00d6rt\u00fcs\u00fc\u201d i\u00e7in se\u00e7enekleri se\u00e7in\" data-quantity=\"1\" data-product_id=\"3969\" data-product_sku=\"\" rel=\"nofollow\" class=\"wp-block-button__link add_to_cart_button\" data-no-translation-aria-label=\"\">Options<span class=\"kadence-svg-iconset svg-baseline\"><svg class=\"kadence-svg-icon kadence-spinner-svg\" fill=\"currentColor\" version=\"1.1\" xmlns=\"http:\/\/www.w3.org\/2000\/svg\" width=\"16\" height=\"16\" viewbox=\"0 0 16 16\"><title>Loading<\/title><path d=\"M16 6h-6l2.243-2.243c-1.133-1.133-2.64-1.757-4.243-1.757s-3.109 0.624-4.243 1.757c-1.133 1.133-1.757 2.64-1.757 4.243s0.624 3.109 1.757 4.243c1.133 1.133 2.64 1.757 4.243 1.757s3.109-0.624 4.243-1.757c0.095-0.095 0.185-0.192 0.273-0.292l1.505 1.317c-1.466 1.674-3.62 2.732-6.020 2.732-4.418 0-8-3.582-8-8s3.582-8 8-8c2.209 0 4.209 0.896 5.656 2.344l2.343-2.344v6z\"><\/path>\n\t\t\t\t<\/svg><\/span><span class=\"kadence-svg-iconset svg-baseline\"><svg class=\"kadence-svg-icon kadence-check-svg\" fill=\"currentColor\" version=\"1.1\" xmlns=\"http:\/\/www.w3.org\/2000\/svg\" width=\"16\" height=\"16\" viewbox=\"0 0 16 16\"><title>Done<\/title><path d=\"M14 2.5l-8.5 8.5-3.5-3.5-1.5 1.5 5 5 10-10z\"><\/path>\n\t\t\t\t<\/svg><\/span><\/a><\/div>\n\t\t\t\t<\/div>\n\t\t\t<\/li><li class=\"wc-block-grid__product entry loop-entry content-bg woo-archive-action-on-hover woo-archive-btn-button product-loop-unboxed woo-archive-image-hover-zoom\"><a href=\"https:\/\/ruya.com.tr\/en\/shop\/00053-pike\/\" class=\"wc-block-grid__product-link woocommerce-loop-image-link woocommerce-LoopProduct-link woocommerce-loop-product__link\">\n\t\t\t\t\t<img decoding=\"async\" width=\"300\" height=\"300\" src=\"https:\/\/ruya.com.tr\/wp-content\/uploads\/2025\/05\/53-300x300.jpg\" class=\"attachment-woocommerce_thumbnail size-woocommerce_thumbnail\" alt=\"00053 - Pike\" srcset=\"https:\/\/ruya.com.tr\/wp-content\/uploads\/2025\/05\/53-300x300.jpg 300w, https:\/\/ruya.com.tr\/wp-content\/uploads\/2025\/05\/53-150x150.jpg 150w, https:\/\/ruya.com.tr\/wp-content\/uploads\/2025\/05\/53-768x768.jpg 768w, https:\/\/ruya.com.tr\/wp-content\/uploads\/2025\/05\/53-12x12.jpg 12w, https:\/\/ruya.com.tr\/wp-content\/uploads\/2025\/05\/53-600x600.jpg 600w, https:\/\/ruya.com.tr\/wp-content\/uploads\/2025\/05\/53-100x100.jpg 100w, https:\/\/ruya.com.tr\/wp-content\/uploads\/2025\/05\/53.jpg 1024w\" sizes=\"(max-width: 300px) 100vw, 300px\" \/>\n\t\t\t\t\t\n\t\t\t\t<\/a>\n\t\t\t\t<div class=\"product-details content-bg entry-content-wrap\">\n\t\t\t\t\t<a href=\"https:\/\/ruya.com.tr\/en\/shop\/00053-pike\/\" class=\"wc-block-grid__product-title-link\">\n\t\t\t\t\t\t<div class=\"wc-block-grid__product-title\">00053 - Pique Blanket<\/div>\n\t\t\t\t\t<\/a>\n\t\t\t\t\t\n\t\t\t\t\t<div class=\"wc-block-grid__product-price price\"><a href=\"https:\/\/ruya.com.tr\/en\/hesabim\/\">Sign in to see the price<\/a><\/div>\n\t\t\t\t\t<div class=\"wp-block-button wc-block-grid__product-add-to-cart\"><a href=\"https:\/\/ruya.com.tr\/en\/shop\/00053-pike\/\" aria-label=\"\u201c00053 - Pike\u201d i\u00e7in se\u00e7enekleri se\u00e7in\" data-quantity=\"1\" data-product_id=\"3964\" data-product_sku=\"\" rel=\"nofollow\" class=\"wp-block-button__link add_to_cart_button\" data-no-translation-aria-label=\"\">Options<span class=\"kadence-svg-iconset svg-baseline\"><svg class=\"kadence-svg-icon kadence-spinner-svg\" fill=\"currentColor\" version=\"1.1\" xmlns=\"http:\/\/www.w3.org\/2000\/svg\" width=\"16\" height=\"16\" viewbox=\"0 0 16 16\"><title>Loading<\/title><path d=\"M16 6h-6l2.243-2.243c-1.133-1.133-2.64-1.757-4.243-1.757s-3.109 0.624-4.243 1.757c-1.133 1.133-1.757 2.64-1.757 4.243s0.624 3.109 1.757 4.243c1.133 1.133 2.64 1.757 4.243 1.757s3.109-0.624 4.243-1.757c0.095-0.095 0.185-0.192 0.273-0.292l1.505 1.317c-1.466 1.674-3.62 2.732-6.020 2.732-4.418 0-8-3.582-8-8s3.582-8 8-8c2.209 0 4.209 0.896 5.656 2.344l2.343-2.344v6z\"><\/path>\n\t\t\t\t<\/svg><\/span><span class=\"kadence-svg-iconset svg-baseline\"><svg class=\"kadence-svg-icon kadence-check-svg\" fill=\"currentColor\" version=\"1.1\" xmlns=\"http:\/\/www.w3.org\/2000\/svg\" width=\"16\" height=\"16\" viewbox=\"0 0 16 16\"><title>Done<\/title><path d=\"M14 2.5l-8.5 8.5-3.5-3.5-1.5 1.5 5 5 10-10z\"><\/path>\n\t\t\t\t<\/svg><\/span><\/a><\/div>\n\t\t\t\t<\/div>\n\t\t\t<\/li><li class=\"wc-block-grid__product entry loop-entry content-bg woo-archive-action-on-hover woo-archive-btn-button product-loop-unboxed woo-archive-image-hover-zoom\"><a href=\"https:\/\/ruya.com.tr\/en\/shop\/00052-yatak-ortusu\/\" class=\"wc-block-grid__product-link woocommerce-loop-image-link woocommerce-LoopProduct-link woocommerce-loop-product__link\">\n\t\t\t\t\t<img loading=\"lazy\" decoding=\"async\" width=\"300\" height=\"300\" src=\"https:\/\/ruya.com.tr\/wp-content\/uploads\/2025\/05\/52ceviz-300x300.jpg\" class=\"attachment-woocommerce_thumbnail size-woocommerce_thumbnail\" alt=\"00052 - Pike\" srcset=\"https:\/\/ruya.com.tr\/wp-content\/uploads\/2025\/05\/52ceviz-300x300.jpg 300w, https:\/\/ruya.com.tr\/wp-content\/uploads\/2025\/05\/52ceviz-150x150.jpg 150w, https:\/\/ruya.com.tr\/wp-content\/uploads\/2025\/05\/52ceviz-768x768.jpg 768w, https:\/\/ruya.com.tr\/wp-content\/uploads\/2025\/05\/52ceviz-12x12.jpg 12w, https:\/\/ruya.com.tr\/wp-content\/uploads\/2025\/05\/52ceviz-600x600.jpg 600w, https:\/\/ruya.com.tr\/wp-content\/uploads\/2025\/05\/52ceviz-100x100.jpg 100w, https:\/\/ruya.com.tr\/wp-content\/uploads\/2025\/05\/52ceviz.jpg 1024w\" sizes=\"(max-width: 300px) 100vw, 300px\" \/>\n\t\t\t\t\t\n\t\t\t\t<\/a><div class=\"wc-block-grid__product-onsale\">\n\t\t\t<span aria-hidden=\"true\" data-no-translation=\"\" data-trp-gettext=\"\">SALE<\/span>\n\t\t\t<span class=\"screen-reader-text\" data-no-translation=\"\" data-trp-gettext=\"\">\u0130ndirimdeki \u00fcr\u00fcn<\/span>\n\t\t<\/div>\n\t\t\t\t<div class=\"product-details content-bg entry-content-wrap\">\n\t\t\t\t\t<a href=\"https:\/\/ruya.com.tr\/en\/shop\/00052-yatak-ortusu\/\" class=\"wc-block-grid__product-title-link\">\n\t\t\t\t\t\t<div class=\"wc-block-grid__product-title\">00052 - Pique Blanket<\/div>\n\t\t\t\t\t<\/a>\n\t\t\t\t\t\n\t\t\t\t\t<div class=\"wc-block-grid__product-price price\"><a href=\"https:\/\/ruya.com.tr\/en\/hesabim\/\">Sign in to see the price<\/a><\/div>\n\t\t\t\t\t<div class=\"wp-block-button wc-block-grid__product-add-to-cart\"><a href=\"https:\/\/ruya.com.tr\/en\/shop\/00052-yatak-ortusu\/\" aria-label=\"\u201c00052 - Pike\u201d i\u00e7in se\u00e7enekleri se\u00e7in\" data-quantity=\"1\" data-product_id=\"3955\" data-product_sku=\"\" rel=\"nofollow\" class=\"wp-block-button__link add_to_cart_button\" data-no-translation-aria-label=\"\">Options<span class=\"kadence-svg-iconset svg-baseline\"><svg class=\"kadence-svg-icon kadence-spinner-svg\" fill=\"currentColor\" version=\"1.1\" xmlns=\"http:\/\/www.w3.org\/2000\/svg\" width=\"16\" height=\"16\" viewbox=\"0 0 16 16\"><title>Loading<\/title><path d=\"M16 6h-6l2.243-2.243c-1.133-1.133-2.64-1.757-4.243-1.757s-3.109 0.624-4.243 1.757c-1.133 1.133-1.757 2.64-1.757 4.243s0.624 3.109 1.757 4.243c1.133 1.133 2.64 1.757 4.243 1.757s3.109-0.624 4.243-1.757c0.095-0.095 0.185-0.192 0.273-0.292l1.505 1.317c-1.466 1.674-3.62 2.732-6.020 2.732-4.418 0-8-3.582-8-8s3.582-8 8-8c2.209 0 4.209 0.896 5.656 2.344l2.343-2.344v6z\"><\/path>\n\t\t\t\t<\/svg><\/span><span class=\"kadence-svg-iconset svg-baseline\"><svg class=\"kadence-svg-icon kadence-check-svg\" fill=\"currentColor\" version=\"1.1\" xmlns=\"http:\/\/www.w3.org\/2000\/svg\" width=\"16\" height=\"16\" viewbox=\"0 0 16 16\"><title>Done<\/title><path d=\"M14 2.5l-8.5 8.5-3.5-3.5-1.5 1.5 5 5 10-10z\"><\/path>\n\t\t\t\t<\/svg><\/span><\/a><\/div>\n\t\t\t\t<\/div>\n\t\t\t<\/li><\/ul><\/div><\/div>\n<\/div>","protected":false},"excerpt":{"rendered":"","protected":false},"author":1,"featured_media":0,"parent":0,"menu_order":0,"comment_status":"closed","ping_status":"closed","template":"","meta":{"_kad_post_transparent":"","_kad_post_title":"","_kad_post_layout":"","_kad_post_sidebar_id":"","_kad_post_content_style":"","_kad_post_vertical_padding":"","_kad_post_feature":"","_kad_post_feature_position":"","_kad_post_header":false,"_kad_post_footer":false,"_kad_post_classname":"","footnotes":""},"class_list":["post-3274","page","type-page","status-publish","hentry"],"yoast_head":"<!-- This site is optimized with the Yoast SEO plugin v26.5 - https:\/\/yoast.com\/wordpress\/plugins\/seo\/ -->\n<title>Sepetim - R\u00fcya Pike<\/title>\n<meta name=\"robots\" content=\"index, follow, max-snippet:-1, max-image-preview:large, max-video-preview:-1\" \/>\n<link rel=\"canonical\" href=\"https:\/\/ruya.com.tr\/en\/sepetim\/\" \/>\n<meta property=\"og:locale\" content=\"en_US\" \/>\n<meta property=\"og:type\" content=\"article\" \/>\n<meta property=\"og:title\" content=\"Sepetim - R\u00fcya Pike\" \/>\n<meta property=\"og:url\" content=\"https:\/\/ruya.com.tr\/en\/sepetim\/\" \/>\n<meta property=\"og:site_name\" content=\"R\u00fcya Pike\" \/>\n<meta property=\"article:modified_time\" content=\"2025-05-29T19:37:36+00:00\" \/>\n<meta property=\"og:image\" content=\"https:\/\/ruya.com.tr\/wp-content\/uploads\/2023\/10\/ruya_pike_cushion.jpg\" \/>\n\t<meta property=\"og:image:width\" content=\"2400\" \/>\n\t<meta property=\"og:image:height\" content=\"2400\" \/>\n\t<meta property=\"og:image:type\" content=\"image\/jpeg\" \/>\n<meta name=\"twitter:card\" content=\"summary_large_image\" \/>\n<meta name=\"twitter:label1\" content=\"Est. reading time\" \/>\n\t<meta name=\"twitter:data1\" content=\"1 minute\" \/>\n<script type=\"application\/ld+json\" class=\"yoast-schema-graph\">{\"@context\":\"https:\/\/schema.org\",\"@graph\":[{\"@type\":\"WebPage\",\"@id\":\"https:\/\/ruya.com.tr\/sepetim\/\",\"url\":\"https:\/\/ruya.com.tr\/sepetim\/\",\"name\":\"Sepetim - R\u00fcya Pike\",\"isPartOf\":{\"@id\":\"https:\/\/ruya.com.tr\/#website\"},\"datePublished\":\"2025-03-10T17:43:31+00:00\",\"dateModified\":\"2025-05-29T19:37:36+00:00\",\"breadcrumb\":{\"@id\":\"https:\/\/ruya.com.tr\/sepetim\/#breadcrumb\"},\"inLanguage\":\"en-US\",\"potentialAction\":[{\"@type\":\"ReadAction\",\"target\":[\"https:\/\/ruya.com.tr\/sepetim\/\"]}]},{\"@type\":\"BreadcrumbList\",\"@id\":\"https:\/\/ruya.com.tr\/sepetim\/#breadcrumb\",\"itemListElement\":[{\"@type\":\"ListItem\",\"position\":1,\"name\":\"Home\",\"item\":\"https:\/\/ruya.com.tr\/\"},{\"@type\":\"ListItem\",\"position\":2,\"name\":\"Sepetim\"}]},{\"@type\":\"WebSite\",\"@id\":\"https:\/\/ruya.com.tr\/#website\",\"url\":\"https:\/\/ruya.com.tr\/\",\"name\":\"R\u00fcya Pike Ltd.\",\"description\":\"Nitelikli Kuma\u015f | Jakarl\u0131 Dokuma Pike, Yatak \u00d6rt\u00fcs\u00fc ve Ev Tekstil \u00dcr\u00fcnleri\",\"publisher\":{\"@id\":\"https:\/\/ruya.com.tr\/#organization\"},\"potentialAction\":[{\"@type\":\"SearchAction\",\"target\":{\"@type\":\"EntryPoint\",\"urlTemplate\":\"https:\/\/ruya.com.tr\/?s={search_term_string}\"},\"query-input\":{\"@type\":\"PropertyValueSpecification\",\"valueRequired\":true,\"valueName\":\"search_term_string\"}}],\"inLanguage\":\"en-US\"},{\"@type\":\"Organization\",\"@id\":\"https:\/\/ruya.com.tr\/#organization\",\"name\":\"R\u00fcya Pike\",\"url\":\"https:\/\/ruya.com.tr\/\",\"logo\":{\"@type\":\"ImageObject\",\"inLanguage\":\"en-US\",\"@id\":\"https:\/\/ruya.com.tr\/#\/schema\/logo\/image\/\",\"url\":\"https:\/\/ruya.com.tr\/wp-content\/uploads\/2023\/11\/ruya-pike-logo.png\",\"contentUrl\":\"https:\/\/ruya.com.tr\/wp-content\/uploads\/2023\/11\/ruya-pike-logo.png\",\"width\":1024,\"height\":512,\"caption\":\"R\u00fcya Pike\"},\"image\":{\"@id\":\"https:\/\/ruya.com.tr\/#\/schema\/logo\/image\/\"}}]}<\/script>\n<!-- \/ Yoast SEO plugin. -->","yoast_head_json":{"title":"Sepetim - R\u00fcya Pike","robots":{"index":"index","follow":"follow","max-snippet":"max-snippet:-1","max-image-preview":"max-image-preview:large","max-video-preview":"max-video-preview:-1"},"canonical":"https:\/\/ruya.com.tr\/en\/sepetim\/","og_locale":"en_US","og_type":"article","og_title":"Sepetim - R\u00fcya Pike","og_url":"https:\/\/ruya.com.tr\/en\/sepetim\/","og_site_name":"R\u00fcya Pike","article_modified_time":"2025-05-29T19:37:36+00:00","og_image":[{"width":2400,"height":2400,"url":"https:\/\/ruya.com.tr\/wp-content\/uploads\/2023\/10\/ruya_pike_cushion.jpg","type":"image\/jpeg"}],"twitter_card":"summary_large_image","twitter_misc":{"Est. reading time":"1 minute"},"schema":{"@context":"https:\/\/schema.org","@graph":[{"@type":"WebPage","@id":"https:\/\/ruya.com.tr\/sepetim\/","url":"https:\/\/ruya.com.tr\/sepetim\/","name":"Sepetim - R\u00fcya Pike","isPartOf":{"@id":"https:\/\/ruya.com.tr\/#website"},"datePublished":"2025-03-10T17:43:31+00:00","dateModified":"2025-05-29T19:37:36+00:00","breadcrumb":{"@id":"https:\/\/ruya.com.tr\/sepetim\/#breadcrumb"},"inLanguage":"en-US","potentialAction":[{"@type":"ReadAction","target":["https:\/\/ruya.com.tr\/sepetim\/"]}]},{"@type":"BreadcrumbList","@id":"https:\/\/ruya.com.tr\/sepetim\/#breadcrumb","itemListElement":[{"@type":"ListItem","position":1,"name":"Home","item":"https:\/\/ruya.com.tr\/"},{"@type":"ListItem","position":2,"name":"Sepetim"}]},{"@type":"WebSite","@id":"https:\/\/ruya.com.tr\/#website","url":"https:\/\/ruya.com.tr\/","name":"R\u00fcya Pike Ltd.","description":"Nitelikli Kuma\u015f | Jakarl\u0131 Dokuma Pike, Yatak \u00d6rt\u00fcs\u00fc ve Ev Tekstil \u00dcr\u00fcnleri","publisher":{"@id":"https:\/\/ruya.com.tr\/#organization"},"potentialAction":[{"@type":"SearchAction","target":{"@type":"EntryPoint","urlTemplate":"https:\/\/ruya.com.tr\/?s={search_term_string}"},"query-input":{"@type":"PropertyValueSpecification","valueRequired":true,"valueName":"search_term_string"}}],"inLanguage":"en-US"},{"@type":"Organization","@id":"https:\/\/ruya.com.tr\/#organization","name":"R\u00fcya Pike","url":"https:\/\/ruya.com.tr\/","logo":{"@type":"ImageObject","inLanguage":"en-US","@id":"https:\/\/ruya.com.tr\/#\/schema\/logo\/image\/","url":"https:\/\/ruya.com.tr\/wp-content\/uploads\/2023\/11\/ruya-pike-logo.png","contentUrl":"https:\/\/ruya.com.tr\/wp-content\/uploads\/2023\/11\/ruya-pike-logo.png","width":1024,"height":512,"caption":"R\u00fcya Pike"},"image":{"@id":"https:\/\/ruya.com.tr\/#\/schema\/logo\/image\/"}}]}},"jetpack_sharing_enabled":true,"_links":{"self":[{"href":"https:\/\/ruya.com.tr\/en\/wp-json\/wp\/v2\/pages\/3274","targetHints":{"allow":["GET"]}}],"collection":[{"href":"https:\/\/ruya.com.tr\/en\/wp-json\/wp\/v2\/pages"}],"about":[{"href":"https:\/\/ruya.com.tr\/en\/wp-json\/wp\/v2\/types\/page"}],"author":[{"embeddable":true,"href":"https:\/\/ruya.com.tr\/en\/wp-json\/wp\/v2\/users\/1"}],"replies":[{"embeddable":true,"href":"https:\/\/ruya.com.tr\/en\/wp-json\/wp\/v2\/comments?post=3274"}],"version-history":[{"count":9,"href":"https:\/\/ruya.com.tr\/en\/wp-json\/wp\/v2\/pages\/3274\/revisions"}],"predecessor-version":[{"id":4172,"href":"https:\/\/ruya.com.tr\/en\/wp-json\/wp\/v2\/pages\/3274\/revisions\/4172"}],"wp:attachment":[{"href":"https:\/\/ruya.com.tr\/en\/wp-json\/wp\/v2\/media?parent=3274"}],"curies":[{"name":"wp","href":"https:\/\/api.w.org\/{rel}","templated":true}]}}